{"id":25,"date":"2024-06-19T17:18:23","date_gmt":"2024-06-19T16:18:23","guid":{"rendered":"https:\/\/insectbiotech.eu\/?page_id=25"},"modified":"2024-06-29T08:59:39","modified_gmt":"2024-06-29T07:59:39","slug":"products","status":"publish","type":"page","link":"https:\/\/insectbiotech.eu\/es\/products\/","title":{"rendered":"Productos"},"content":{"rendered":"<section class=\"icon_block custom_block alignwide spacing_both\" style=\"\">\n\n  <div class=\"content\">\n\n    <div class=\"container-fluid\">\n\n      <div class=\"row d-flex justify-content-center\">\n        <div class=\"col-lg-8\">\n\n                      <div class=\"intro_text text-center entry_bottom\">\n                <h2>Beneficios de las larvas de la mosca soldado negra<\/h2>\n<p>Las larvas de la mosca soldado negra (BSFL) son cada vez m\u00e1s reconocidas como una valiosa fuente de prote\u00ednas para la alimentaci\u00f3n animal.<\/p>\n            <\/div>\n          \n        <\/div>  \n      <\/div>\n\n      <div class=\"row d-flex justify-content-center icon_section\">\n\n        \n          \n              <div class=\"icon_col_wrapper entry_bottom col-lg-3\">\n\n                <div class=\"icon_col\">\n                  \n                                      <div class=\"icon_wrapper\" style=\"background-color: #006877;\">\n                      <img loading=\"lazy\" decoding=\"async\" width=\"150\" height=\"150\" src=\"https:\/\/insectbiotech.eu\/wp-content\/uploads\/2024\/06\/icon_nutrients.svg\" class=\"icon_img\" alt=\"\" \/>                    <\/div>\n                  \n                                      <div class=\"icon_text\" style=\"color: #006877;\">\n                      <h3>Nutrientes esenciales<\/h3>\n<p>Ofrecen un rico perfil de nutrientes esenciales, por lo que son adecuados para diversas especies animales, como aves de corral, cerdos, peces y animales de compa\u00f1\u00eda.<\/p>\n                    <\/div>\n                  \n                <\/div>\n\n              <\/div>\n\n          \n              <div class=\"icon_col_wrapper entry_bottom col-lg-3\">\n\n                <div class=\"icon_col\">\n                  \n                                      <div class=\"icon_wrapper\" style=\"background-color: #09a4b2;\">\n                      <img loading=\"lazy\" decoding=\"async\" width=\"150\" height=\"150\" src=\"https:\/\/insectbiotech.eu\/wp-content\/uploads\/2024\/06\/icon_protien.svg\" class=\"icon_img\" alt=\"\" \/>                    <\/div>\n                  \n                                      <div class=\"icon_text\" style=\"color: #09a4b2;\">\n                      <h3>Rico en prote\u00ednas<\/h3>\n<p>Las BSFL son ricas en prote\u00ednas, con un contenido que oscila entre 33% y 63%, dependiendo de la dieta de las larvas y de los m\u00e9todos de procesado.<\/p>\n                    <\/div>\n                  \n                <\/div>\n\n              <\/div>\n\n          \n              <div class=\"icon_col_wrapper entry_bottom col-lg-3\">\n\n                <div class=\"icon_col\">\n                  \n                                      <div class=\"icon_wrapper\" style=\"background-color: #5CBA99;\">\n                      <img loading=\"lazy\" decoding=\"async\" width=\"150\" height=\"150\" src=\"https:\/\/insectbiotech.eu\/wp-content\/uploads\/2024\/06\/icon_antimicrobial.svg\" class=\"icon_img\" alt=\"\" \/>                    <\/div>\n                  \n                                      <div class=\"icon_text\" style=\"color: #5CBA99;\">\n                      <h3>Propiedades antimicrobianas<\/h3>\n<p>Tienen propiedades antimicrobianas que ayudan a controlar bacterias nocivas como la Salmonella y la Escherichia coli.<\/p>\n                    <\/div>\n                  \n                <\/div>\n\n              <\/div>\n\n          \n              <div class=\"icon_col_wrapper entry_bottom col-lg-3\">\n\n                <div class=\"icon_col\">\n                  \n                                      <div class=\"icon_wrapper\" style=\"background-color: #73ba62;\">\n                      <img loading=\"lazy\" decoding=\"async\" width=\"150\" height=\"150\" src=\"https:\/\/insectbiotech.eu\/wp-content\/uploads\/2024\/06\/icon_outcomes.svg\" class=\"icon_img\" alt=\"\" \/>                    <\/div>\n                  \n                                      <div class=\"icon_text\" style=\"color: #73ba62;\">\n                      <h3>Sostenibilidad medioambiental<\/h3>\n<p>Las BSFL son sostenibles desde el punto de vista medioambiental, ya que reducen los residuos de los cultivos y disminuyen la huella medioambiental de la producci\u00f3n de piensos.<\/p>\n                    <\/div>\n                  \n                <\/div>\n\n              <\/div>\n\n          \n        \n      <\/div>\n\n    <\/div>\n\n  <\/div>\n\n            \n<\/section>\n\n\n\n\n\n\n\n\n\n\n\n\n\n\n  \n\n\n\n\n\n<section class=\"products_list_block custom_block alignfull spacing_none\">\n\n  <div class=\"content\">\n\n    <div class=\"container\">\n\n      <div class=\"row d-flex justify-content-center\">\n        <div class=\"col-lg-8\">\n                      <div class=\"intro_text text_center entry_bottom\">\n                <h2>Nuestros productos<\/h2>\n<p>Existimos para hacer algunas cosas lo mejor posible. En primer lugar, tomamos residuos de subproductos agr\u00edcolas y del sector de la alimentacion, reduciendo asi sus emisiones y convirti\u00e9ndolos en productos \u00fatiles y de alto valor.<\/p>\n            <\/div>\n                  <\/div>\n      <\/div>\n\n    <\/div>\n\n    \n    \n    <div class=\"product_list entry_bottom\">\n      \n        <div class=\"container\">\n          \n            \n              \n<div class=\"row product_row\">\n\n\t<div class=\"col-lg-6 product_info_col\">\n\t\t<div class=\"col_wrapper\">\n\t\t\t<h3 class=\"product_name\">Prote\u00ednas para piensos<\/h3>\n\t\t\t\n\t\t\t<p>Las larvas de mosca soldado negra (BSFL) son cada vez m\u00e1s reconocidas como una valiosa fuente de prote\u00ednas para la alimentaci\u00f3n animal. Ofrecen un rico perfil de nutrientes esenciales, lo que las hace adecuadas para diversas especies animales, como aves de corral, cerdos, peces y animales de compa\u00f1\u00eda.<\/p>\n\n\t\t\t<a class=\"ib_button\" href=\"https:\/\/insectbiotech.eu\/es\/products\/protein-for-feed\/\">\n\t\t\t\t<span class=\"label\">Seguir leyendo<\/span>\n\t\t\t\t<span class=\"icon\"><i class=\"fa-light fa-arrow-right\"><\/i><\/span>\n\t\t\t<\/a>\n\t\t<\/div>\n\t<\/div>\n\n\t<div class=\"col-lg-6 product_image_col\">\n\t\t\t\t\t<div class=\"product_image_wrapper\">\n\t\t\t\t<img loading=\"lazy\" decoding=\"async\" width=\"640\" height=\"427\" src=\"https:\/\/insectbiotech.eu\/wp-content\/uploads\/2024\/06\/protien-768x512.jpg\" class=\"product_img wp-post-image\" alt=\"\" srcset=\"https:\/\/insectbiotech.eu\/wp-content\/uploads\/2024\/06\/protien-768x512.jpg 768w, https:\/\/insectbiotech.eu\/wp-content\/uploads\/2024\/06\/protien-300x200.jpg 300w, https:\/\/insectbiotech.eu\/wp-content\/uploads\/2024\/06\/protien-1024x682.jpg 1024w, https:\/\/insectbiotech.eu\/wp-content\/uploads\/2024\/06\/protien-1536x1024.jpg 1536w, https:\/\/insectbiotech.eu\/wp-content\/uploads\/2024\/06\/protien-18x12.jpg 18w, https:\/\/insectbiotech.eu\/wp-content\/uploads\/2024\/06\/protien-1600x1066.jpg 1600w, https:\/\/insectbiotech.eu\/wp-content\/uploads\/2024\/06\/protien-1000x667.jpg 1000w, https:\/\/insectbiotech.eu\/wp-content\/uploads\/2024\/06\/protien.jpg 2000w\" sizes=\"auto, (max-width: 640px) 100vw, 640px\" \/>\t\t\t<\/div>\n\t\t\t<\/div>\n\n<\/div>\n\n\t\n            \n              \n<div class=\"row product_row\">\n\n\t<div class=\"col-lg-6 product_info_col\">\n\t\t<div class=\"col_wrapper\">\n\t\t\t<h3 class=\"product_name\">Aceite para piensos<\/h3>\n\t\t\t\n\t\t\t<p>El aceite de larvas de mosca negra se perfila como un prometedor ingrediente alternativo para la alimentaci\u00f3n animal por sus beneficios nutricionales y su sostenibilidad.<\/p>\n\n\t\t\t<a class=\"ib_button\" href=\"https:\/\/insectbiotech.eu\/es\/products\/oil-for-animal-feed\/\">\n\t\t\t\t<span class=\"label\">Seguir leyendo<\/span>\n\t\t\t\t<span class=\"icon\"><i class=\"fa-light fa-arrow-right\"><\/i><\/span>\n\t\t\t<\/a>\n\t\t<\/div>\n\t<\/div>\n\n\t<div class=\"col-lg-6 product_image_col\">\n\t\t\t\t\t<div class=\"product_image_wrapper\">\n\t\t\t\t<img loading=\"lazy\" decoding=\"async\" width=\"640\" height=\"427\" src=\"https:\/\/insectbiotech.eu\/wp-content\/uploads\/2024\/06\/oil-768x512.jpg\" class=\"product_img wp-post-image\" alt=\"\" srcset=\"https:\/\/insectbiotech.eu\/wp-content\/uploads\/2024\/06\/oil-768x512.jpg 768w, https:\/\/insectbiotech.eu\/wp-content\/uploads\/2024\/06\/oil-300x200.jpg 300w, https:\/\/insectbiotech.eu\/wp-content\/uploads\/2024\/06\/oil-1024x682.jpg 1024w, https:\/\/insectbiotech.eu\/wp-content\/uploads\/2024\/06\/oil-1536x1024.jpg 1536w, https:\/\/insectbiotech.eu\/wp-content\/uploads\/2024\/06\/oil-18x12.jpg 18w, https:\/\/insectbiotech.eu\/wp-content\/uploads\/2024\/06\/oil-1600x1066.jpg 1600w, https:\/\/insectbiotech.eu\/wp-content\/uploads\/2024\/06\/oil-1000x667.jpg 1000w, https:\/\/insectbiotech.eu\/wp-content\/uploads\/2024\/06\/oil.jpg 2000w\" sizes=\"auto, (max-width: 640px) 100vw, 640px\" \/>\t\t\t<\/div>\n\t\t\t<\/div>\n\n<\/div>\n\n\t\n            \n              \n<div class=\"row product_row\">\n\n\t<div class=\"col-lg-6 product_info_col\">\n\t\t<div class=\"col_wrapper\">\n\t\t\t<h3 class=\"product_name\">Fertilizantes para la agricultura<\/h3>\n\t\t\t\n\t\t\t<p>El excremento de la mosca Hermetia negra es un coproducto del proceso de cr\u00eda de las larvas de la mosca Hermetia negra. Consiste en excrementos larvarios, exoesqueletos desprendidos y restos de alimento no digerido.<\/p>\n\n\t\t\t<a class=\"ib_button\" href=\"https:\/\/insectbiotech.eu\/es\/products\/fertiliser-for-agriculture\/\">\n\t\t\t\t<span class=\"label\">Seguir leyendo<\/span>\n\t\t\t\t<span class=\"icon\"><i class=\"fa-light fa-arrow-right\"><\/i><\/span>\n\t\t\t<\/a>\n\t\t<\/div>\n\t<\/div>\n\n\t<div class=\"col-lg-6 product_image_col\">\n\t\t\t\t\t<div class=\"product_image_wrapper\">\n\t\t\t\t<img loading=\"lazy\" decoding=\"async\" width=\"640\" height=\"347\" src=\"https:\/\/insectbiotech.eu\/wp-content\/uploads\/2024\/06\/fertiliser-768x416.jpg\" class=\"product_img wp-post-image\" alt=\"\" srcset=\"https:\/\/insectbiotech.eu\/wp-content\/uploads\/2024\/06\/fertiliser-768x416.jpg 768w, https:\/\/insectbiotech.eu\/wp-content\/uploads\/2024\/06\/fertiliser-300x162.jpg 300w, https:\/\/insectbiotech.eu\/wp-content\/uploads\/2024\/06\/fertiliser-1024x554.jpg 1024w, https:\/\/insectbiotech.eu\/wp-content\/uploads\/2024\/06\/fertiliser-1536x832.jpg 1536w, https:\/\/insectbiotech.eu\/wp-content\/uploads\/2024\/06\/fertiliser-18x10.jpg 18w, https:\/\/insectbiotech.eu\/wp-content\/uploads\/2024\/06\/fertiliser-1600x866.jpg 1600w, https:\/\/insectbiotech.eu\/wp-content\/uploads\/2024\/06\/fertiliser-1000x542.jpg 1000w, https:\/\/insectbiotech.eu\/wp-content\/uploads\/2024\/06\/fertiliser.jpg 2000w\" sizes=\"auto, (max-width: 640px) 100vw, 640px\" \/>\t\t\t<\/div>\n\t\t\t<\/div>\n\n<\/div>\n\n\t\n            \n              \n<div class=\"row product_row\">\n\n\t<div class=\"col-lg-6 product_info_col\">\n\t\t<div class=\"col_wrapper\">\n\t\t\t<h3 class=\"product_name\">Biomateriales<\/h3>\n\t\t\t\n\t\t\t<p>La quitina se encuentra en el exoesqueleto de la BSF y es el segundo biopol\u00edmero natural m\u00e1s abundante despu\u00e9s de la celulosa. El quitosano se produce por desacetilaci\u00f3n de la quitina en condiciones alcalinas, lo que lo hace soluble y vers\u00e1til.<\/p>\n\n\t\t\t<a class=\"ib_button\" href=\"https:\/\/insectbiotech.eu\/es\/products\/biomaterials\/\">\n\t\t\t\t<span class=\"label\">Seguir leyendo<\/span>\n\t\t\t\t<span class=\"icon\"><i class=\"fa-light fa-arrow-right\"><\/i><\/span>\n\t\t\t<\/a>\n\t\t<\/div>\n\t<\/div>\n\n\t<div class=\"col-lg-6 product_image_col\">\n\t\t\t\t\t<div class=\"product_image_wrapper\">\n\t\t\t\t<img loading=\"lazy\" decoding=\"async\" width=\"640\" height=\"427\" src=\"https:\/\/insectbiotech.eu\/wp-content\/uploads\/2024\/06\/chitin-768x512.jpg\" class=\"product_img wp-post-image\" alt=\"\" srcset=\"https:\/\/insectbiotech.eu\/wp-content\/uploads\/2024\/06\/chitin-768x512.jpg 768w, https:\/\/insectbiotech.eu\/wp-content\/uploads\/2024\/06\/chitin-300x200.jpg 300w, https:\/\/insectbiotech.eu\/wp-content\/uploads\/2024\/06\/chitin-1024x682.jpg 1024w, https:\/\/insectbiotech.eu\/wp-content\/uploads\/2024\/06\/chitin-1536x1024.jpg 1536w, https:\/\/insectbiotech.eu\/wp-content\/uploads\/2024\/06\/chitin-18x12.jpg 18w, https:\/\/insectbiotech.eu\/wp-content\/uploads\/2024\/06\/chitin-1600x1066.jpg 1600w, https:\/\/insectbiotech.eu\/wp-content\/uploads\/2024\/06\/chitin-1000x667.jpg 1000w, https:\/\/insectbiotech.eu\/wp-content\/uploads\/2024\/06\/chitin.jpg 2000w\" sizes=\"auto, (max-width: 640px) 100vw, 640px\" \/>\t\t\t<\/div>\n\t\t\t<\/div>\n\n<\/div>\n\n\t\n                        \n        <\/div>\n\n    <\/div>\n\n    \n  <\/div>\n\n          \n<\/section>","protected":false},"excerpt":{"rendered":"<p>IBG producir\u00e1 prote\u00ednas de insectos de alta calidad y bajo impacto, fundamentalmente destinado a la alimentaci\u00f3n de mascotas y la acuicultura. Nuestro objetivo es producir 150.000 toneladas m\u00e9tricas de larvas, equivalentes a 39.000 toneladas de harina seca de insectos al a\u00f1o, de aqu\u00ed a 2031.<\/p>","protected":false},"author":1,"featured_media":303,"parent":0,"menu_order":0,"comment_status":"closed","ping_status":"closed","template":"","meta":{"_acf_changed":false,"inline_featured_image":false,"footnotes":""},"class_list":["post-25","page","type-page","status-publish","has-post-thumbnail","hentry"],"acf":[],"yoast_head":"<!-- This site is optimized with the Yoast SEO Premium plugin v27.2 (Yoast SEO v27.6) - https:\/\/yoast.com\/product\/yoast-seo-premium-wordpress\/ -->\n<title>Products - InsectBiotech<\/title>\n<meta name=\"description\" content=\"Learn about InsectBiotech&#039;s innovative insect-based products, including high-quality insect protein for pet food and aquaculture, sustainable insect frass fertiliser, and valuable insect oil.\" \/>\n<meta name=\"robots\" content=\"index, follow, max-snippet:-1, max-image-preview:large, max-video-preview:-1\" \/>\n<link rel=\"canonical\" href=\"https:\/\/insectbiotech.eu\/es\/products\/\" \/>\n<meta property=\"og:locale\" content=\"es_ES\" \/>\n<meta property=\"og:type\" content=\"article\" \/>\n<meta property=\"og:title\" content=\"Products\" \/>\n<meta property=\"og:description\" content=\"Learn about InsectBiotech&#039;s innovative insect-based products, including high-quality insect protein for pet food and aquaculture, sustainable insect frass fertiliser, and valuable insect oil.\" \/>\n<meta property=\"og:url\" content=\"https:\/\/insectbiotech.eu\/es\/products\/\" \/>\n<meta property=\"og:site_name\" content=\"InsectBiotech\" \/>\n<meta property=\"article:modified_time\" content=\"2024-06-29T07:59:39+00:00\" \/>\n<meta property=\"og:image\" content=\"https:\/\/insectbiotech.eu\/wp-content\/uploads\/2024\/06\/products_banner.jpg\" \/>\n\t<meta property=\"og:image:width\" content=\"2000\" \/>\n\t<meta property=\"og:image:height\" content=\"825\" \/>\n\t<meta property=\"og:image:type\" content=\"image\/jpeg\" \/>\n<meta name=\"twitter:card\" content=\"summary_large_image\" \/>\n<meta name=\"twitter:label1\" content=\"Tiempo de lectura\" \/>\n\t<meta name=\"twitter:data1\" content=\"1 minuto\" \/>\n<script type=\"application\/ld+json\" class=\"yoast-schema-graph\">{\"@context\":\"https:\\\/\\\/schema.org\",\"@graph\":[{\"@type\":\"WebPage\",\"@id\":\"https:\\\/\\\/insectbiotech.eu\\\/products\\\/\",\"url\":\"https:\\\/\\\/insectbiotech.eu\\\/products\\\/\",\"name\":\"Products - InsectBiotech\",\"isPartOf\":{\"@id\":\"https:\\\/\\\/insectbiotech.eu\\\/#website\"},\"primaryImageOfPage\":{\"@id\":\"https:\\\/\\\/insectbiotech.eu\\\/products\\\/#primaryimage\"},\"image\":{\"@id\":\"https:\\\/\\\/insectbiotech.eu\\\/products\\\/#primaryimage\"},\"thumbnailUrl\":\"https:\\\/\\\/insectbiotech.eu\\\/wp-content\\\/uploads\\\/2024\\\/06\\\/products_banner.jpg\",\"datePublished\":\"2024-06-19T16:18:23+00:00\",\"dateModified\":\"2024-06-29T07:59:39+00:00\",\"description\":\"Learn about InsectBiotech's innovative insect-based products, including high-quality insect protein for pet food and aquaculture, sustainable insect frass fertiliser, and valuable insect oil.\",\"breadcrumb\":{\"@id\":\"https:\\\/\\\/insectbiotech.eu\\\/products\\\/#breadcrumb\"},\"inLanguage\":\"es\",\"potentialAction\":[{\"@type\":\"ReadAction\",\"target\":[\"https:\\\/\\\/insectbiotech.eu\\\/products\\\/\"]}]},{\"@type\":\"ImageObject\",\"inLanguage\":\"es\",\"@id\":\"https:\\\/\\\/insectbiotech.eu\\\/products\\\/#primaryimage\",\"url\":\"https:\\\/\\\/insectbiotech.eu\\\/wp-content\\\/uploads\\\/2024\\\/06\\\/products_banner.jpg\",\"contentUrl\":\"https:\\\/\\\/insectbiotech.eu\\\/wp-content\\\/uploads\\\/2024\\\/06\\\/products_banner.jpg\",\"width\":2000,\"height\":825},{\"@type\":\"BreadcrumbList\",\"@id\":\"https:\\\/\\\/insectbiotech.eu\\\/products\\\/#breadcrumb\",\"itemListElement\":[{\"@type\":\"ListItem\",\"position\":1,\"name\":\"Home\",\"item\":\"https:\\\/\\\/insectbiotech.eu\\\/\"},{\"@type\":\"ListItem\",\"position\":2,\"name\":\"Products\"}]},{\"@type\":\"WebSite\",\"@id\":\"https:\\\/\\\/insectbiotech.eu\\\/#website\",\"url\":\"https:\\\/\\\/insectbiotech.eu\\\/\",\"name\":\"InsectBiotech\",\"description\":\"\",\"publisher\":{\"@id\":\"https:\\\/\\\/insectbiotech.eu\\\/#organization\"},\"potentialAction\":[{\"@type\":\"SearchAction\",\"target\":{\"@type\":\"EntryPoint\",\"urlTemplate\":\"https:\\\/\\\/insectbiotech.eu\\\/?s={search_term_string}\"},\"query-input\":{\"@type\":\"PropertyValueSpecification\",\"valueRequired\":true,\"valueName\":\"search_term_string\"}}],\"inLanguage\":\"es\"},{\"@type\":\"Organization\",\"@id\":\"https:\\\/\\\/insectbiotech.eu\\\/#organization\",\"name\":\"InsectBiotech\",\"url\":\"https:\\\/\\\/insectbiotech.eu\\\/\",\"logo\":{\"@type\":\"ImageObject\",\"inLanguage\":\"es\",\"@id\":\"https:\\\/\\\/insectbiotech.eu\\\/#\\\/schema\\\/logo\\\/image\\\/\",\"url\":\"https:\\\/\\\/insectbiotech.eu\\\/wp-content\\\/uploads\\\/2024\\\/06\\\/Group-87.svg\",\"contentUrl\":\"https:\\\/\\\/insectbiotech.eu\\\/wp-content\\\/uploads\\\/2024\\\/06\\\/Group-87.svg\",\"width\":174,\"height\":71,\"caption\":\"InsectBiotech\"},\"image\":{\"@id\":\"https:\\\/\\\/insectbiotech.eu\\\/#\\\/schema\\\/logo\\\/image\\\/\"}}]}<\/script>\n<!-- \/ Yoast SEO Premium plugin. -->","yoast_head_json":{"title":"Productos - InsectBiotech","description":"Conozca los innovadores productos a base de insectos de InsectBiotech, entre los que se incluyen prote\u00ednas de insectos de alta calidad para la alimentaci\u00f3n de mascotas y la acuicultura, fertilizantes sostenibles a base de excrementos de insectos y valiosos aceites de insectos.","robots":{"index":"index","follow":"follow","max-snippet":"max-snippet:-1","max-image-preview":"max-image-preview:large","max-video-preview":"max-video-preview:-1"},"canonical":"https:\/\/insectbiotech.eu\/es\/products\/","og_locale":"es_ES","og_type":"article","og_title":"Products","og_description":"Learn about InsectBiotech's innovative insect-based products, including high-quality insect protein for pet food and aquaculture, sustainable insect frass fertiliser, and valuable insect oil.","og_url":"https:\/\/insectbiotech.eu\/es\/products\/","og_site_name":"InsectBiotech","article_modified_time":"2024-06-29T07:59:39+00:00","og_image":[{"width":2000,"height":825,"url":"https:\/\/insectbiotech.eu\/wp-content\/uploads\/2024\/06\/products_banner.jpg","type":"image\/jpeg"}],"twitter_card":"summary_large_image","twitter_misc":{"Tiempo de lectura":"1 minuto"},"schema":{"@context":"https:\/\/schema.org","@graph":[{"@type":"WebPage","@id":"https:\/\/insectbiotech.eu\/products\/","url":"https:\/\/insectbiotech.eu\/products\/","name":"Productos - InsectBiotech","isPartOf":{"@id":"https:\/\/insectbiotech.eu\/#website"},"primaryImageOfPage":{"@id":"https:\/\/insectbiotech.eu\/products\/#primaryimage"},"image":{"@id":"https:\/\/insectbiotech.eu\/products\/#primaryimage"},"thumbnailUrl":"https:\/\/insectbiotech.eu\/wp-content\/uploads\/2024\/06\/products_banner.jpg","datePublished":"2024-06-19T16:18:23+00:00","dateModified":"2024-06-29T07:59:39+00:00","description":"Conozca los innovadores productos a base de insectos de InsectBiotech, entre los que se incluyen prote\u00ednas de insectos de alta calidad para la alimentaci\u00f3n de mascotas y la acuicultura, fertilizantes sostenibles a base de excrementos de insectos y valiosos aceites de insectos.","breadcrumb":{"@id":"https:\/\/insectbiotech.eu\/products\/#breadcrumb"},"inLanguage":"es","potentialAction":[{"@type":"ReadAction","target":["https:\/\/insectbiotech.eu\/products\/"]}]},{"@type":"ImageObject","inLanguage":"es","@id":"https:\/\/insectbiotech.eu\/products\/#primaryimage","url":"https:\/\/insectbiotech.eu\/wp-content\/uploads\/2024\/06\/products_banner.jpg","contentUrl":"https:\/\/insectbiotech.eu\/wp-content\/uploads\/2024\/06\/products_banner.jpg","width":2000,"height":825},{"@type":"BreadcrumbList","@id":"https:\/\/insectbiotech.eu\/products\/#breadcrumb","itemListElement":[{"@type":"ListItem","position":1,"name":"Home","item":"https:\/\/insectbiotech.eu\/"},{"@type":"ListItem","position":2,"name":"Products"}]},{"@type":"WebSite","@id":"https:\/\/insectbiotech.eu\/#website","url":"https:\/\/insectbiotech.eu\/","name":"InsectBiotech","description":"","publisher":{"@id":"https:\/\/insectbiotech.eu\/#organization"},"potentialAction":[{"@type":"SearchAction","target":{"@type":"EntryPoint","urlTemplate":"https:\/\/insectbiotech.eu\/?s={search_term_string}"},"query-input":{"@type":"PropertyValueSpecification","valueRequired":true,"valueName":"search_term_string"}}],"inLanguage":"es"},{"@type":"Organization","@id":"https:\/\/insectbiotech.eu\/#organization","name":"InsectBiotech","url":"https:\/\/insectbiotech.eu\/","logo":{"@type":"ImageObject","inLanguage":"es","@id":"https:\/\/insectbiotech.eu\/#\/schema\/logo\/image\/","url":"https:\/\/insectbiotech.eu\/wp-content\/uploads\/2024\/06\/Group-87.svg","contentUrl":"https:\/\/insectbiotech.eu\/wp-content\/uploads\/2024\/06\/Group-87.svg","width":174,"height":71,"caption":"InsectBiotech"},"image":{"@id":"https:\/\/insectbiotech.eu\/#\/schema\/logo\/image\/"}}]}},"_links":{"self":[{"href":"https:\/\/insectbiotech.eu\/es\/wp-json\/wp\/v2\/pages\/25","targetHints":{"allow":["GET"]}}],"collection":[{"href":"https:\/\/insectbiotech.eu\/es\/wp-json\/wp\/v2\/pages"}],"about":[{"href":"https:\/\/insectbiotech.eu\/es\/wp-json\/wp\/v2\/types\/page"}],"author":[{"embeddable":true,"href":"https:\/\/insectbiotech.eu\/es\/wp-json\/wp\/v2\/users\/1"}],"replies":[{"embeddable":true,"href":"https:\/\/insectbiotech.eu\/es\/wp-json\/wp\/v2\/comments?post=25"}],"version-history":[{"count":8,"href":"https:\/\/insectbiotech.eu\/es\/wp-json\/wp\/v2\/pages\/25\/revisions"}],"predecessor-version":[{"id":355,"href":"https:\/\/insectbiotech.eu\/es\/wp-json\/wp\/v2\/pages\/25\/revisions\/355"}],"wp:featuredmedia":[{"embeddable":true,"href":"https:\/\/insectbiotech.eu\/es\/wp-json\/wp\/v2\/media\/303"}],"wp:attachment":[{"href":"https:\/\/insectbiotech.eu\/es\/wp-json\/wp\/v2\/media?parent=25"}],"curies":[{"name":"wp","href":"https:\/\/api.w.org\/{rel}","templated":true}]}}