{"id":3,"date":"2024-06-19T15:19:14","date_gmt":"2024-06-19T14:19:14","guid":{"rendered":"https:\/\/insectbiotech.eu\/?page_id=3"},"modified":"2024-06-29T09:05:37","modified_gmt":"2024-06-29T08:05:37","slug":"privacy-policy","status":"publish","type":"page","link":"https:\/\/insectbiotech.eu\/es\/privacy-policy\/","title":{"rendered":"Pol\u00edtica de privacidad"},"content":{"rendered":"<h2 class=\"wp-block-heading\">Introducci\u00f3n<\/h2>\n\n\n\n<p>InsectBiotech Group (IBG) se compromete a proteger su privacidad. Esta pol\u00edtica de privacidad explica c\u00f3mo recopilamos, utilizamos, divulgamos y protegemos su informaci\u00f3n cuando visita nuestro sitio web, <a href=\"https:\/\/insectbiotech.eu\/es\/\">https:\/\/insectbiotech.eu<\/a> Lea atentamente esta pol\u00edtica de privacidad. Si no est\u00e1 de acuerdo con los t\u00e9rminos de esta pol\u00edtica de privacidad, no acceda al sitio.<\/p>\n\n\n\n<h3 class=\"wp-block-heading\">Informaci\u00f3n que recopilamos<\/h3>\n\n\n\n<p>Podemos recopilar informaci\u00f3n sobre usted de diversas maneras. La informaci\u00f3n que podemos recopilar en el Sitio incluye:<\/p>\n\n\n\n<p><strong>Datos personales<\/strong> Al utilizar nuestro sitio, es posible que le pidamos que nos proporcione cierta informaci\u00f3n de identificaci\u00f3n personal que pueda utilizarse para ponernos en contacto con usted o identificarle. La informaci\u00f3n de identificaci\u00f3n personal puede incluir, pero no se limita a:<\/p>\n\n\n\n<ul class=\"wp-block-list\">\n<li>Nombre<\/li>\n\n\n\n<li>Direcci\u00f3n de correo electr\u00f3nico<\/li>\n\n\n\n<li>N\u00famero de tel\u00e9fono<\/li>\n\n\n\n<li>Direcci\u00f3n<\/li>\n\n\n\n<li>Nombre de la empresa<\/li>\n\n\n\n<li>Puesto<\/li>\n<\/ul>\n\n\n\n<p><strong>Datos derivados<\/strong> Informaci\u00f3n que nuestros servidores recogen autom\u00e1ticamente cuando usted accede al Sitio, como su direcci\u00f3n IP, su tipo de navegador, su sistema operativo, sus horas de acceso y las p\u00e1ginas que ha visto directamente antes y despu\u00e9s de acceder al Sitio.<\/p>\n\n\n\n<p><strong>Datos financieros<\/strong> Informaci\u00f3n financiera, como datos relacionados con su m\u00e9todo de pago (por ejemplo, n\u00famero de tarjeta de cr\u00e9dito v\u00e1lida, marca de la tarjeta, fecha de caducidad) que podemos recopilar cuando usted compra, encarga, devuelve, cambia o solicita informaci\u00f3n sobre nuestros servicios en el Sitio.<\/p>\n\n\n\n<h3 class=\"wp-block-heading\">Uso de su informaci\u00f3n<\/h3>\n\n\n\n<p>Disponer de informaci\u00f3n precisa sobre usted nos permite ofrecerle una experiencia fluida, eficiente y personalizada. En concreto, podemos utilizar la informaci\u00f3n recopilada sobre usted a trav\u00e9s del Sitio para:<\/p>\n\n\n\n<ul class=\"wp-block-list\">\n<li>Cree y gestione su cuenta.<\/li>\n\n\n\n<li>Procesar sus transacciones y enviarle informaci\u00f3n relacionada, incluidas confirmaciones de compra y facturas.<\/li>\n\n\n\n<li>Enviarle correos electr\u00f3nicos sobre su cuenta o pedido.<\/li>\n\n\n\n<li>Cumplir y gestionar compras, pedidos, pagos y otras transacciones relacionadas con el Sitio.<\/li>\n\n\n\n<li>Proporcionarle asistencia al cliente.<\/li>\n\n\n\n<li>Enviarle boletines, comunicaciones de marketing y ofertas promocionales.<\/li>\n\n\n\n<li>Mejorar la funcionalidad de nuestro Sitio y nuestros servicios.<\/li>\n\n\n\n<li>Supervisar y analizar el uso y las tendencias para mejorar su experiencia con el Sitio.<\/li>\n<\/ul>\n\n\n\n<h3 class=\"wp-block-heading\">Divulgaci\u00f3n de sus datos<\/h3>\n\n\n\n<p>Podemos compartir la informaci\u00f3n que hemos recopilado sobre usted en determinadas situaciones. Su informaci\u00f3n puede ser divulgada de la siguiente manera:<\/p>\n\n\n\n<p><strong>Por ley o para proteger derechos<\/strong> Si creemos que la divulgaci\u00f3n de informaci\u00f3n sobre usted es necesaria para responder a un proceso legal, para investigar o remediar posibles violaciones de nuestras pol\u00edticas, o para proteger los derechos, la propiedad y la seguridad de otros, podemos compartir su informaci\u00f3n seg\u00fan lo permita o exija cualquier ley, norma o reglamento aplicable.<\/p>\n\n\n\n<p><strong>Terceros proveedores de servicios<\/strong> Podemos compartir su informaci\u00f3n con terceros que presten servicios para nosotros o en nuestro nombre, como procesamiento de pagos, an\u00e1lisis de datos, env\u00edo de correo electr\u00f3nico, servicios de alojamiento, atenci\u00f3n al cliente y asistencia en marketing.<\/p>\n\n\n\n<p><strong>Comunicaciones de marketing<\/strong> Con su consentimiento, o con la oportunidad de retirar su consentimiento, podemos compartir su informaci\u00f3n con terceros para fines de marketing, seg\u00fan lo permitido por la ley.<\/p>\n\n\n\n<h3 class=\"wp-block-heading\">Seguridad de su informaci\u00f3n<\/h3>\n\n\n\n<p>Utilizamos medidas de seguridad administrativas, t\u00e9cnicas y f\u00edsicas para ayudar a proteger su informaci\u00f3n personal. Aunque hemos tomado medidas razonables para asegurar la informaci\u00f3n personal que nos facilita, tenga en cuenta que, a pesar de nuestros esfuerzos, ninguna medida de seguridad es perfecta o impenetrable, y ning\u00fan m\u00e9todo de transmisi\u00f3n de datos puede garantizarse contra cualquier interceptaci\u00f3n u otro tipo de uso indebido.<\/p>\n\n\n\n<h3 class=\"wp-block-heading\">Pol\u00edtica de infancia<\/h3>\n\n\n\n<p>No solicitamos conscientemente informaci\u00f3n a menores de 18 a\u00f1os ni comercializamos con ellos. Si nos enteramos de que hemos recopilado informaci\u00f3n personal de un menor de 18 a\u00f1os sin verificar el consentimiento paterno, eliminaremos dicha informaci\u00f3n lo antes posible. Si cree que podemos tener informaci\u00f3n de o sobre un menor de 18 a\u00f1os, p\u00f3ngase en contacto con nosotros en <a href=\"mailto:bb@insectbiotech.eu\">bb@insectbiotech.eu<\/a>.<\/p>\n\n\n\n<h3 class=\"wp-block-heading\">Cambios en esta pol\u00edtica de privacidad<\/h3>\n\n\n\n<p>Podemos actualizar esta Pol\u00edtica de Privacidad de vez en cuando para reflejar, por ejemplo, cambios en nuestras pr\u00e1cticas o por otras razones operativas, legales o reglamentarias. Le notificaremos cualquier cambio publicando la nueva Pol\u00edtica de Privacidad en nuestro Sitio. Le aconsejamos que revise peri\u00f3dicamente esta Pol\u00edtica de Privacidad para comprobar si se han producido cambios.<\/p>\n\n\n\n<h3 class=\"wp-block-heading\">P\u00f3ngase en contacto con nosotros<\/h3>\n\n\n\n<p>Si tiene preguntas o comentarios sobre esta Pol\u00edtica de privacidad, p\u00f3ngase en contacto con nosotros en:<\/p>\n\n\n\n<p>Ben Brown COO InsectBiotech Group Correo electr\u00f3nico: <a href=\"mailto:bb@insectbiotech.eu\">bb@insectbiotech.eu<\/a><\/p>","protected":false},"excerpt":{"rendered":"<p>Introduction InsectBiotech Group (IBG) is committed to protecting your privacy. This Privacy Policy explains how we collect, use, disclose, and safeguard your information when you visit our website, https:\/\/insectbiotech.eu Please read this privacy policy carefully. If you do not agree with the terms of this privacy policy, please do not access the site. Information We [&hellip;]<\/p>\n","protected":false},"author":1,"featured_media":0,"parent":0,"menu_order":0,"comment_status":"closed","ping_status":"open","template":"basic-page.php","meta":{"_acf_changed":false,"inline_featured_image":false,"footnotes":""},"class_list":["post-3","page","type-page","status-publish","hentry"],"acf":[],"yoast_head":"<!-- This site is optimized with the Yoast SEO Premium plugin v27.2 (Yoast SEO v27.6) - https:\/\/yoast.com\/product\/yoast-seo-premium-wordpress\/ -->\n<title>Privacy Policy - InsectBiotech<\/title>\n<meta name=\"description\" content=\"InsectBiotech&#039;s privacy policy explains how we collect, use, disclose, and safeguard your personal information when you visit our website, including details on data security, children&#039;s privacy, and policy updates.\" \/>\n<meta name=\"robots\" content=\"index, follow, max-snippet:-1, max-image-preview:large, max-video-preview:-1\" \/>\n<link rel=\"canonical\" href=\"https:\/\/insectbiotech.eu\/es\/privacy-policy\/\" \/>\n<meta property=\"og:locale\" content=\"es_ES\" \/>\n<meta property=\"og:type\" content=\"article\" \/>\n<meta property=\"og:title\" content=\"Privacy Policy\" \/>\n<meta property=\"og:description\" content=\"InsectBiotech&#039;s privacy policy explains how we collect, use, disclose, and safeguard your personal information when you visit our website, including details on data security, children&#039;s privacy, and policy updates.\" \/>\n<meta property=\"og:url\" content=\"https:\/\/insectbiotech.eu\/es\/privacy-policy\/\" \/>\n<meta property=\"og:site_name\" content=\"InsectBiotech\" \/>\n<meta property=\"article:modified_time\" content=\"2024-06-29T08:05:37+00:00\" \/>\n<meta property=\"og:image\" content=\"https:\/\/insectbiotech.eu\/wp-content\/uploads\/2024\/06\/shutterstock_1530753479.jpg\" \/>\n\t<meta property=\"og:image:width\" content=\"2000\" \/>\n\t<meta property=\"og:image:height\" content=\"1335\" \/>\n\t<meta property=\"og:image:type\" content=\"image\/jpeg\" \/>\n<meta name=\"twitter:card\" content=\"summary_large_image\" \/>\n<meta name=\"twitter:label1\" content=\"Tiempo de lectura\" \/>\n\t<meta name=\"twitter:data1\" content=\"3 minutos\" \/>\n<script type=\"application\/ld+json\" class=\"yoast-schema-graph\">{\"@context\":\"https:\\\/\\\/schema.org\",\"@graph\":[{\"@type\":\"WebPage\",\"@id\":\"https:\\\/\\\/insectbiotech.eu\\\/privacy-policy\\\/\",\"url\":\"https:\\\/\\\/insectbiotech.eu\\\/privacy-policy\\\/\",\"name\":\"Privacy Policy - InsectBiotech\",\"isPartOf\":{\"@id\":\"https:\\\/\\\/insectbiotech.eu\\\/#website\"},\"datePublished\":\"2024-06-19T14:19:14+00:00\",\"dateModified\":\"2024-06-29T08:05:37+00:00\",\"description\":\"InsectBiotech's privacy policy explains how we collect, use, disclose, and safeguard your personal information when you visit our website, including details on data security, children's privacy, and policy updates.\",\"breadcrumb\":{\"@id\":\"https:\\\/\\\/insectbiotech.eu\\\/privacy-policy\\\/#breadcrumb\"},\"inLanguage\":\"es\",\"potentialAction\":[{\"@type\":\"ReadAction\",\"target\":[\"https:\\\/\\\/insectbiotech.eu\\\/privacy-policy\\\/\"]}]},{\"@type\":\"BreadcrumbList\",\"@id\":\"https:\\\/\\\/insectbiotech.eu\\\/privacy-policy\\\/#breadcrumb\",\"itemListElement\":[{\"@type\":\"ListItem\",\"position\":1,\"name\":\"Home\",\"item\":\"https:\\\/\\\/insectbiotech.eu\\\/\"},{\"@type\":\"ListItem\",\"position\":2,\"name\":\"Privacy Policy\"}]},{\"@type\":\"WebSite\",\"@id\":\"https:\\\/\\\/insectbiotech.eu\\\/#website\",\"url\":\"https:\\\/\\\/insectbiotech.eu\\\/\",\"name\":\"InsectBiotech\",\"description\":\"\",\"publisher\":{\"@id\":\"https:\\\/\\\/insectbiotech.eu\\\/#organization\"},\"potentialAction\":[{\"@type\":\"SearchAction\",\"target\":{\"@type\":\"EntryPoint\",\"urlTemplate\":\"https:\\\/\\\/insectbiotech.eu\\\/?s={search_term_string}\"},\"query-input\":{\"@type\":\"PropertyValueSpecification\",\"valueRequired\":true,\"valueName\":\"search_term_string\"}}],\"inLanguage\":\"es\"},{\"@type\":\"Organization\",\"@id\":\"https:\\\/\\\/insectbiotech.eu\\\/#organization\",\"name\":\"InsectBiotech\",\"url\":\"https:\\\/\\\/insectbiotech.eu\\\/\",\"logo\":{\"@type\":\"ImageObject\",\"inLanguage\":\"es\",\"@id\":\"https:\\\/\\\/insectbiotech.eu\\\/#\\\/schema\\\/logo\\\/image\\\/\",\"url\":\"https:\\\/\\\/insectbiotech.eu\\\/wp-content\\\/uploads\\\/2024\\\/06\\\/Group-87.svg\",\"contentUrl\":\"https:\\\/\\\/insectbiotech.eu\\\/wp-content\\\/uploads\\\/2024\\\/06\\\/Group-87.svg\",\"width\":174,\"height\":71,\"caption\":\"InsectBiotech\"},\"image\":{\"@id\":\"https:\\\/\\\/insectbiotech.eu\\\/#\\\/schema\\\/logo\\\/image\\\/\"}}]}<\/script>\n<!-- \/ Yoast SEO Premium plugin. -->","yoast_head_json":{"title":"Pol\u00edtica de privacidad - InsectBiotech","description":"La pol\u00edtica de privacidad de InsectBiotech explica c\u00f3mo recopilamos, utilizamos, revelamos y protegemos su informaci\u00f3n personal cuando visita nuestro sitio web, incluyendo detalles sobre la seguridad de los datos, la privacidad de los ni\u00f1os y las actualizaciones de la pol\u00edtica.","robots":{"index":"index","follow":"follow","max-snippet":"max-snippet:-1","max-image-preview":"max-image-preview:large","max-video-preview":"max-video-preview:-1"},"canonical":"https:\/\/insectbiotech.eu\/es\/privacy-policy\/","og_locale":"es_ES","og_type":"article","og_title":"Privacy Policy","og_description":"InsectBiotech's privacy policy explains how we collect, use, disclose, and safeguard your personal information when you visit our website, including details on data security, children's privacy, and policy updates.","og_url":"https:\/\/insectbiotech.eu\/es\/privacy-policy\/","og_site_name":"InsectBiotech","article_modified_time":"2024-06-29T08:05:37+00:00","og_image":[{"width":2000,"height":1335,"url":"https:\/\/insectbiotech.eu\/wp-content\/uploads\/2024\/06\/shutterstock_1530753479.jpg","type":"image\/jpeg"}],"twitter_card":"summary_large_image","twitter_misc":{"Tiempo de lectura":"3 minutos"},"schema":{"@context":"https:\/\/schema.org","@graph":[{"@type":"WebPage","@id":"https:\/\/insectbiotech.eu\/privacy-policy\/","url":"https:\/\/insectbiotech.eu\/privacy-policy\/","name":"Pol\u00edtica de privacidad - InsectBiotech","isPartOf":{"@id":"https:\/\/insectbiotech.eu\/#website"},"datePublished":"2024-06-19T14:19:14+00:00","dateModified":"2024-06-29T08:05:37+00:00","description":"La pol\u00edtica de privacidad de InsectBiotech explica c\u00f3mo recopilamos, utilizamos, revelamos y protegemos su informaci\u00f3n personal cuando visita nuestro sitio web, incluyendo detalles sobre la seguridad de los datos, la privacidad de los ni\u00f1os y las actualizaciones de la pol\u00edtica.","breadcrumb":{"@id":"https:\/\/insectbiotech.eu\/privacy-policy\/#breadcrumb"},"inLanguage":"es","potentialAction":[{"@type":"ReadAction","target":["https:\/\/insectbiotech.eu\/privacy-policy\/"]}]},{"@type":"BreadcrumbList","@id":"https:\/\/insectbiotech.eu\/privacy-policy\/#breadcrumb","itemListElement":[{"@type":"ListItem","position":1,"name":"Home","item":"https:\/\/insectbiotech.eu\/"},{"@type":"ListItem","position":2,"name":"Privacy Policy"}]},{"@type":"WebSite","@id":"https:\/\/insectbiotech.eu\/#website","url":"https:\/\/insectbiotech.eu\/","name":"InsectBiotech","description":"","publisher":{"@id":"https:\/\/insectbiotech.eu\/#organization"},"potentialAction":[{"@type":"SearchAction","target":{"@type":"EntryPoint","urlTemplate":"https:\/\/insectbiotech.eu\/?s={search_term_string}"},"query-input":{"@type":"PropertyValueSpecification","valueRequired":true,"valueName":"search_term_string"}}],"inLanguage":"es"},{"@type":"Organization","@id":"https:\/\/insectbiotech.eu\/#organization","name":"InsectBiotech","url":"https:\/\/insectbiotech.eu\/","logo":{"@type":"ImageObject","inLanguage":"es","@id":"https:\/\/insectbiotech.eu\/#\/schema\/logo\/image\/","url":"https:\/\/insectbiotech.eu\/wp-content\/uploads\/2024\/06\/Group-87.svg","contentUrl":"https:\/\/insectbiotech.eu\/wp-content\/uploads\/2024\/06\/Group-87.svg","width":174,"height":71,"caption":"InsectBiotech"},"image":{"@id":"https:\/\/insectbiotech.eu\/#\/schema\/logo\/image\/"}}]}},"_links":{"self":[{"href":"https:\/\/insectbiotech.eu\/es\/wp-json\/wp\/v2\/pages\/3","targetHints":{"allow":["GET"]}}],"collection":[{"href":"https:\/\/insectbiotech.eu\/es\/wp-json\/wp\/v2\/pages"}],"about":[{"href":"https:\/\/insectbiotech.eu\/es\/wp-json\/wp\/v2\/types\/page"}],"author":[{"embeddable":true,"href":"https:\/\/insectbiotech.eu\/es\/wp-json\/wp\/v2\/users\/1"}],"replies":[{"embeddable":true,"href":"https:\/\/insectbiotech.eu\/es\/wp-json\/wp\/v2\/comments?post=3"}],"version-history":[{"count":3,"href":"https:\/\/insectbiotech.eu\/es\/wp-json\/wp\/v2\/pages\/3\/revisions"}],"predecessor-version":[{"id":819,"href":"https:\/\/insectbiotech.eu\/es\/wp-json\/wp\/v2\/pages\/3\/revisions\/819"}],"wp:attachment":[{"href":"https:\/\/insectbiotech.eu\/es\/wp-json\/wp\/v2\/media?parent=3"}],"curies":[{"name":"wp","href":"https:\/\/api.w.org\/{rel}","templated":true}]}}