{"id":30,"date":"2024-06-19T17:18:23","date_gmt":"2024-06-19T16:18:23","guid":{"rendered":"https:\/\/insectbiotech.eu\/?page_id=30"},"modified":"2024-06-29T09:04:57","modified_gmt":"2024-06-29T08:04:57","slug":"contact-us","status":"publish","type":"page","link":"https:\/\/insectbiotech.eu\/es\/contact-us\/","title":{"rendered":"P\u00f3ngase en contacto con nosotros"},"content":{"rendered":"<section class=\"contact_block custom_block alignwide spacing_below\">\n\n  <div class=\"content\">\n\n    <div class=\"container\">\n\n      <div class=\"row d-flex justify-content-center\">\n\n        <div class=\"col-lg-4 info_col\">\n          <div class=\"info_wrapper\">\n\n                          <h2 class=\"dots_title\">InsectBiotech<\/h2>\n            \n            <div class=\"logo\">\n              <a href=\"https:\/\/insectbiotech.eu\/es\/\" class=\"custom-logo-link\" rel=\"home\"><img loading=\"lazy\" decoding=\"async\" width=\"174\" height=\"71\" src=\"https:\/\/insectbiotech.eu\/wp-content\/uploads\/2024\/06\/Group-87.svg\" class=\"custom-logo\" alt=\"insectbiotech group\" \/><\/a>            <\/div>\n\n                          <div class=\"contact_row address\">\n                <span class=\"icon\"><i class=\"fa-light fa-location-dot\"><\/i><\/span>\n                <span class=\"text\">Cardenal Cisneros 4, Sevilla, 41002, Espa\u00f1a<br \/>\r\n<\/span>\n              <\/div>\n            \n            \n            \n          <\/div>\n        <\/div>\n\n                  <div class=\"col-lg-8 form_col\">\n            <div class=\"form_wrapper\">\n              <h2 class=\"dots_title\">Consultas<\/h2>\n              <div class=\"contact_form\">\n                \n<div class=\"wpcf7 no-js\" id=\"wpcf7-f8-o1\" lang=\"en-GB\" dir=\"ltr\" data-wpcf7-id=\"8\">\n<div class=\"screen-reader-response\"><p role=\"status\" aria-live=\"polite\" aria-atomic=\"true\"><\/p> <ul><\/ul><\/div>\n<form action=\"\/es\/wp-json\/wp\/v2\/pages\/30#wpcf7-f8-o1\" method=\"post\" class=\"wpcf7-form init\" aria-label=\"Formulario de contacto\" novalidate=\"novalidate\" data-status=\"init\" data-trp-original-action=\"\/es\/wp-json\/wp\/v2\/pages\/30#wpcf7-f8-o1\">\n<fieldset class=\"hidden-fields-container\"><input type=\"hidden\" name=\"_wpcf7\" value=\"8\" \/><input type=\"hidden\" name=\"_wpcf7_version\" value=\"6.1.6\" \/><input type=\"hidden\" name=\"_wpcf7_locale\" value=\"en_GB\" \/><input type=\"hidden\" name=\"_wpcf7_unit_tag\" value=\"wpcf7-f8-o1\" \/><input type=\"hidden\" name=\"_wpcf7_container_post\" value=\"0\" \/><input type=\"hidden\" name=\"_wpcf7_posted_data_hash\" value=\"\" \/>\n<\/fieldset>\n<div class=\"form_row twocol\">\n\t<div class=\"form_field name\">\n\t\t<p><label> Su nombre<br \/>\n<span class=\"wpcf7-form-control-wrap\" data-name=\"your-name\"><input size=\"40\" maxlength=\"400\" class=\"wpcf7-form-control wpcf7-text wpcf7-validates-as-required\" autocomplete=\"name\" aria-required=\"true\" aria-invalid=\"false\" placeholder=\"Su nombre\" value=\"\" type=\"text\" name=\"your-name\" \/><\/span> <\/label>\n\t\t<\/p>\n\t<\/div>\n\t<div class=\"form_field email\">\n\t\t<p><label> Tu correo electr\u00f3nico<br \/>\n<span class=\"wpcf7-form-control-wrap\" data-name=\"your-email\"><input size=\"40\" maxlength=\"400\" class=\"wpcf7-form-control wpcf7-email wpcf7-validates-as-required wpcf7-text wpcf7-validates-as-email\" autocomplete=\"email\" aria-required=\"true\" aria-invalid=\"false\" placeholder=\"Tu correo electr\u00f3nico\" value=\"\" type=\"email\" name=\"your-email\" \/><\/span> <\/label>\n\t\t<\/p>\n\t<\/div>\n<\/div>\n<div class=\"form_row twocol\">\n\t<div class=\"form_field phone\">\n\t\t<p><label> Tel\u00e9fono<br \/>\n<span class=\"wpcf7-form-control-wrap\" data-name=\"country-code\"><input size=\"40\" maxlength=\"400\" class=\"wpcf7-form-control wpcf7-text\" autocomplete=\"tel-country-code\" aria-invalid=\"false\" placeholder=\"C\u00f3digo del pa\u00eds\" value=\"\" type=\"text\" name=\"country-code\" \/><\/span> <\/label><br \/>\n<label><br \/>\n<span class=\"wpcf7-form-control-wrap\" data-name=\"phone-number\"><input size=\"40\" maxlength=\"400\" class=\"wpcf7-form-control wpcf7-tel wpcf7-text wpcf7-validates-as-tel\" autocomplete=\"tel-national\" aria-invalid=\"false\" placeholder=\"N\u00famero de tel\u00e9fono\" value=\"\" type=\"tel\" name=\"phone-number\" \/><\/span> <\/label>\n\t\t<\/p>\n\t<\/div>\n\t<div class=\"form_field enquiry_reason\">\n\t\t<p><label> Motivo de la consulta<br \/>\n<span class=\"wpcf7-form-control-wrap\" data-name=\"enquiry-reason\"><select class=\"wpcf7-form-control wpcf7-select\" aria-invalid=\"false\" name=\"enquiry-reason\"><option value=\"\">-Por favor, elija una opci\u00f3n-<\/option><option value=\"Employment Opportunity\">Oportunidad de empleo<\/option><option value=\"Feedback and Suggestions\">Comentarios y sugerencias<\/option><option value=\"General\">General<\/option><option value=\"Investment Opportunity\">Oportunidad de inversi\u00f3n<\/option><option value=\"Partnership Opportunities\">Oportunidades de asociaci\u00f3n<\/option><option value=\"Press\">Pulse<\/option><option value=\"Product Information\">Informaci\u00f3n sobre el producto<\/option><option value=\"Rearing Advice\">Consejos de cr\u00eda<\/option><option value=\"Wholesale Inquiries\">Consultas al por mayor<\/option><option value=\"Other\">Otros<\/option><\/select><\/span><\/label>\n\t\t<\/p>\n\t<\/div>\n<\/div>\n<div class=\"form_row onecol\">\n\t<div class=\"form_field enquiry\">\n\t\t<p><label> Su consulta<br \/>\n<span class=\"wpcf7-form-control-wrap\" data-name=\"your-message\"><textarea cols=\"40\" rows=\"10\" maxlength=\"2000\" class=\"wpcf7-form-control wpcf7-textarea\" aria-invalid=\"false\" name=\"your-message\"><\/textarea><\/span> <\/label>\n\t\t<\/p>\n\t<\/div>\n<\/div>\n<p><input class=\"wpcf7-form-control wpcf7-submit has-spinner\" type=\"submit\" value=\"Enviar\" \/>\n<\/p><div class=\"wpcf7-response-output\" aria-hidden=\"true\"><\/div>\n<input type=\"hidden\" name=\"trp-form-language\" value=\"es\"\/><\/form>\n<\/div>\n              <\/div>\n            <\/div>\n          <\/div>\n        \n      <\/div>\n\n    <\/div>\n\n  <\/div>\n          \n<\/section>","protected":false},"excerpt":{"rendered":"<p>Nos encantar\u00eda saber de usted.<\/p>\n<p>Si est\u00e1 interesado en invertir, asociarse o simplemente quiere saber m\u00e1s sobre nuestro trabajo, estamos aqu\u00ed<\/p>","protected":false},"author":1,"featured_media":547,"parent":0,"menu_order":0,"comment_status":"closed","ping_status":"closed","template":"contact-page.php","meta":{"_acf_changed":false,"inline_featured_image":false,"footnotes":""},"class_list":["post-30","page","type-page","status-publish","has-post-thumbnail","hentry"],"acf":[],"yoast_head":"<!-- This site is optimized with the Yoast SEO Premium plugin v27.2 (Yoast SEO v27.6) - https:\/\/yoast.com\/product\/yoast-seo-premium-wordpress\/ -->\n<title>Contact us - InsectBiotech<\/title>\n<meta name=\"description\" content=\"Get in touch with InsectBiotech to learn more about our sustainable insect-based solutions, partnership opportunities, or to provide feedback. Contact us today.\" \/>\n<meta name=\"robots\" content=\"index, follow, max-snippet:-1, max-image-preview:large, max-video-preview:-1\" \/>\n<link rel=\"canonical\" href=\"https:\/\/insectbiotech.eu\/es\/contact-us\/\" \/>\n<meta property=\"og:locale\" content=\"es_ES\" \/>\n<meta property=\"og:type\" content=\"article\" \/>\n<meta property=\"og:title\" content=\"Contact us\" \/>\n<meta property=\"og:description\" content=\"Get in touch with InsectBiotech to learn more about our sustainable insect-based solutions, partnership opportunities, or to provide feedback. Contact us today.\" \/>\n<meta property=\"og:url\" content=\"https:\/\/insectbiotech.eu\/es\/contact-us\/\" \/>\n<meta property=\"og:site_name\" content=\"InsectBiotech\" \/>\n<meta property=\"article:modified_time\" content=\"2024-06-29T08:04:57+00:00\" \/>\n<meta property=\"og:image\" content=\"https:\/\/insectbiotech.eu\/wp-content\/uploads\/2024\/06\/contact_banner.jpg\" \/>\n\t<meta property=\"og:image:width\" content=\"2000\" \/>\n\t<meta property=\"og:image:height\" content=\"990\" \/>\n\t<meta property=\"og:image:type\" content=\"image\/jpeg\" \/>\n<meta name=\"twitter:card\" content=\"summary_large_image\" \/>\n<meta name=\"twitter:label1\" content=\"Tiempo de lectura\" \/>\n\t<meta name=\"twitter:data1\" content=\"1 minuto\" \/>\n<script type=\"application\/ld+json\" class=\"yoast-schema-graph\">{\"@context\":\"https:\\\/\\\/schema.org\",\"@graph\":[{\"@type\":\"WebPage\",\"@id\":\"https:\\\/\\\/insectbiotech.eu\\\/contact-us\\\/\",\"url\":\"https:\\\/\\\/insectbiotech.eu\\\/contact-us\\\/\",\"name\":\"Contact us - InsectBiotech\",\"isPartOf\":{\"@id\":\"https:\\\/\\\/insectbiotech.eu\\\/#website\"},\"primaryImageOfPage\":{\"@id\":\"https:\\\/\\\/insectbiotech.eu\\\/contact-us\\\/#primaryimage\"},\"image\":{\"@id\":\"https:\\\/\\\/insectbiotech.eu\\\/contact-us\\\/#primaryimage\"},\"thumbnailUrl\":\"https:\\\/\\\/insectbiotech.eu\\\/wp-content\\\/uploads\\\/2024\\\/06\\\/contact_banner.jpg\",\"datePublished\":\"2024-06-19T16:18:23+00:00\",\"dateModified\":\"2024-06-29T08:04:57+00:00\",\"description\":\"Get in touch with InsectBiotech to learn more about our sustainable insect-based solutions, partnership opportunities, or to provide feedback. Contact us today.\",\"breadcrumb\":{\"@id\":\"https:\\\/\\\/insectbiotech.eu\\\/contact-us\\\/#breadcrumb\"},\"inLanguage\":\"es\",\"potentialAction\":[{\"@type\":\"ReadAction\",\"target\":[\"https:\\\/\\\/insectbiotech.eu\\\/contact-us\\\/\"]}]},{\"@type\":\"ImageObject\",\"inLanguage\":\"es\",\"@id\":\"https:\\\/\\\/insectbiotech.eu\\\/contact-us\\\/#primaryimage\",\"url\":\"https:\\\/\\\/insectbiotech.eu\\\/wp-content\\\/uploads\\\/2024\\\/06\\\/contact_banner.jpg\",\"contentUrl\":\"https:\\\/\\\/insectbiotech.eu\\\/wp-content\\\/uploads\\\/2024\\\/06\\\/contact_banner.jpg\",\"width\":2000,\"height\":990},{\"@type\":\"BreadcrumbList\",\"@id\":\"https:\\\/\\\/insectbiotech.eu\\\/contact-us\\\/#breadcrumb\",\"itemListElement\":[{\"@type\":\"ListItem\",\"position\":1,\"name\":\"Home\",\"item\":\"https:\\\/\\\/insectbiotech.eu\\\/\"},{\"@type\":\"ListItem\",\"position\":2,\"name\":\"Contact us\"}]},{\"@type\":\"WebSite\",\"@id\":\"https:\\\/\\\/insectbiotech.eu\\\/#website\",\"url\":\"https:\\\/\\\/insectbiotech.eu\\\/\",\"name\":\"InsectBiotech\",\"description\":\"\",\"publisher\":{\"@id\":\"https:\\\/\\\/insectbiotech.eu\\\/#organization\"},\"potentialAction\":[{\"@type\":\"SearchAction\",\"target\":{\"@type\":\"EntryPoint\",\"urlTemplate\":\"https:\\\/\\\/insectbiotech.eu\\\/?s={search_term_string}\"},\"query-input\":{\"@type\":\"PropertyValueSpecification\",\"valueRequired\":true,\"valueName\":\"search_term_string\"}}],\"inLanguage\":\"es\"},{\"@type\":\"Organization\",\"@id\":\"https:\\\/\\\/insectbiotech.eu\\\/#organization\",\"name\":\"InsectBiotech\",\"url\":\"https:\\\/\\\/insectbiotech.eu\\\/\",\"logo\":{\"@type\":\"ImageObject\",\"inLanguage\":\"es\",\"@id\":\"https:\\\/\\\/insectbiotech.eu\\\/#\\\/schema\\\/logo\\\/image\\\/\",\"url\":\"https:\\\/\\\/insectbiotech.eu\\\/wp-content\\\/uploads\\\/2024\\\/06\\\/Group-87.svg\",\"contentUrl\":\"https:\\\/\\\/insectbiotech.eu\\\/wp-content\\\/uploads\\\/2024\\\/06\\\/Group-87.svg\",\"width\":174,\"height\":71,\"caption\":\"InsectBiotech\"},\"image\":{\"@id\":\"https:\\\/\\\/insectbiotech.eu\\\/#\\\/schema\\\/logo\\\/image\\\/\"}}]}<\/script>\n<!-- \/ Yoast SEO Premium plugin. -->","yoast_head_json":{"title":"Cont\u00e1ctenos - InsectBiotech","description":"P\u00f3ngase en contacto con InsectBiotech para obtener m\u00e1s informaci\u00f3n sobre nuestras soluciones sostenibles basadas en insectos, oportunidades de asociaci\u00f3n o para hacernos llegar sus comentarios. P\u00f3ngase en contacto con nosotros hoy mismo.","robots":{"index":"index","follow":"follow","max-snippet":"max-snippet:-1","max-image-preview":"max-image-preview:large","max-video-preview":"max-video-preview:-1"},"canonical":"https:\/\/insectbiotech.eu\/es\/contact-us\/","og_locale":"es_ES","og_type":"article","og_title":"Contact us","og_description":"Get in touch with InsectBiotech to learn more about our sustainable insect-based solutions, partnership opportunities, or to provide feedback. Contact us today.","og_url":"https:\/\/insectbiotech.eu\/es\/contact-us\/","og_site_name":"InsectBiotech","article_modified_time":"2024-06-29T08:04:57+00:00","og_image":[{"width":2000,"height":990,"url":"https:\/\/insectbiotech.eu\/wp-content\/uploads\/2024\/06\/contact_banner.jpg","type":"image\/jpeg"}],"twitter_card":"summary_large_image","twitter_misc":{"Tiempo de lectura":"1 minuto"},"schema":{"@context":"https:\/\/schema.org","@graph":[{"@type":"WebPage","@id":"https:\/\/insectbiotech.eu\/contact-us\/","url":"https:\/\/insectbiotech.eu\/contact-us\/","name":"Cont\u00e1ctenos - InsectBiotech","isPartOf":{"@id":"https:\/\/insectbiotech.eu\/#website"},"primaryImageOfPage":{"@id":"https:\/\/insectbiotech.eu\/contact-us\/#primaryimage"},"image":{"@id":"https:\/\/insectbiotech.eu\/contact-us\/#primaryimage"},"thumbnailUrl":"https:\/\/insectbiotech.eu\/wp-content\/uploads\/2024\/06\/contact_banner.jpg","datePublished":"2024-06-19T16:18:23+00:00","dateModified":"2024-06-29T08:04:57+00:00","description":"P\u00f3ngase en contacto con InsectBiotech para obtener m\u00e1s informaci\u00f3n sobre nuestras soluciones sostenibles basadas en insectos, oportunidades de asociaci\u00f3n o para hacernos llegar sus comentarios. P\u00f3ngase en contacto con nosotros hoy mismo.","breadcrumb":{"@id":"https:\/\/insectbiotech.eu\/contact-us\/#breadcrumb"},"inLanguage":"es","potentialAction":[{"@type":"ReadAction","target":["https:\/\/insectbiotech.eu\/contact-us\/"]}]},{"@type":"ImageObject","inLanguage":"es","@id":"https:\/\/insectbiotech.eu\/contact-us\/#primaryimage","url":"https:\/\/insectbiotech.eu\/wp-content\/uploads\/2024\/06\/contact_banner.jpg","contentUrl":"https:\/\/insectbiotech.eu\/wp-content\/uploads\/2024\/06\/contact_banner.jpg","width":2000,"height":990},{"@type":"BreadcrumbList","@id":"https:\/\/insectbiotech.eu\/contact-us\/#breadcrumb","itemListElement":[{"@type":"ListItem","position":1,"name":"Home","item":"https:\/\/insectbiotech.eu\/"},{"@type":"ListItem","position":2,"name":"Contact us"}]},{"@type":"WebSite","@id":"https:\/\/insectbiotech.eu\/#website","url":"https:\/\/insectbiotech.eu\/","name":"InsectBiotech","description":"","publisher":{"@id":"https:\/\/insectbiotech.eu\/#organization"},"potentialAction":[{"@type":"SearchAction","target":{"@type":"EntryPoint","urlTemplate":"https:\/\/insectbiotech.eu\/?s={search_term_string}"},"query-input":{"@type":"PropertyValueSpecification","valueRequired":true,"valueName":"search_term_string"}}],"inLanguage":"es"},{"@type":"Organization","@id":"https:\/\/insectbiotech.eu\/#organization","name":"InsectBiotech","url":"https:\/\/insectbiotech.eu\/","logo":{"@type":"ImageObject","inLanguage":"es","@id":"https:\/\/insectbiotech.eu\/#\/schema\/logo\/image\/","url":"https:\/\/insectbiotech.eu\/wp-content\/uploads\/2024\/06\/Group-87.svg","contentUrl":"https:\/\/insectbiotech.eu\/wp-content\/uploads\/2024\/06\/Group-87.svg","width":174,"height":71,"caption":"InsectBiotech"},"image":{"@id":"https:\/\/insectbiotech.eu\/#\/schema\/logo\/image\/"}}]}},"_links":{"self":[{"href":"https:\/\/insectbiotech.eu\/es\/wp-json\/wp\/v2\/pages\/30","targetHints":{"allow":["GET"]}}],"collection":[{"href":"https:\/\/insectbiotech.eu\/es\/wp-json\/wp\/v2\/pages"}],"about":[{"href":"https:\/\/insectbiotech.eu\/es\/wp-json\/wp\/v2\/types\/page"}],"author":[{"embeddable":true,"href":"https:\/\/insectbiotech.eu\/es\/wp-json\/wp\/v2\/users\/1"}],"replies":[{"embeddable":true,"href":"https:\/\/insectbiotech.eu\/es\/wp-json\/wp\/v2\/comments?post=30"}],"version-history":[{"count":10,"href":"https:\/\/insectbiotech.eu\/es\/wp-json\/wp\/v2\/pages\/30\/revisions"}],"predecessor-version":[{"id":851,"href":"https:\/\/insectbiotech.eu\/es\/wp-json\/wp\/v2\/pages\/30\/revisions\/851"}],"wp:featuredmedia":[{"embeddable":true,"href":"https:\/\/insectbiotech.eu\/es\/wp-json\/wp\/v2\/media\/547"}],"wp:attachment":[{"href":"https:\/\/insectbiotech.eu\/es\/wp-json\/wp\/v2\/media?parent=30"}],"curies":[{"name":"wp","href":"https:\/\/api.w.org\/{rel}","templated":true}]}}