{"id":697,"date":"2024-06-27T10:20:45","date_gmt":"2024-06-27T09:20:45","guid":{"rendered":"https:\/\/insectbiotech.acdstaging.com\/?page_id=697"},"modified":"2024-06-29T09:03:37","modified_gmt":"2024-06-29T08:03:37","slug":"press-releases","status":"publish","type":"page","link":"https:\/\/insectbiotech.eu\/es\/watch-listen\/press-releases\/","title":{"rendered":"Comunicados de prensa"},"content":{"rendered":"<section class=\"press_releases_block document_list_block custom_block alignwide spacing_both\">\n\n  <div class=\"content\">\n\n    <div class=\"container\">\n\n      <div class=\"row d-flex document_list_section\">\n\n        \n        \n          <div class=\"col-12\">\n            <p>Actualmente no hay art\u00edculos. Vuelva a comprobarlo m\u00e1s tarde.<\/p>\n          <\/div>\n\n        \n      <\/div>\n\n    <\/div>\n\n  <\/div>\n          \n<\/section>","protected":false},"excerpt":{"rendered":"<p>Nuestra p\u00e1gina de comunicados de prensa le mantiene informado con las \u00faltimas noticias, actualizaciones y anuncios de InsectBiotech. <\/p>\n<p>Aqu\u00ed encontrar\u00e1 informaci\u00f3n sobre nuevos productos, servicios, asociaciones y otras novedades importantes, as\u00ed como informaci\u00f3n actualizada sobre eventos, logros, resultados financieros y otros acontecimientos dignos de menci\u00f3n. <\/p>\n<p>Mant\u00e9ngase al d\u00eda de las \u00faltimas novedades de InsectBiotech a trav\u00e9s de nuestros comunicados de prensa exhaustivos y actualizados peri\u00f3dicamente.<\/p>","protected":false},"author":1,"featured_media":698,"parent":29,"menu_order":0,"comment_status":"closed","ping_status":"closed","template":"","meta":{"_acf_changed":false,"inline_featured_image":false,"footnotes":""},"class_list":["post-697","page","type-page","status-publish","has-post-thumbnail","hentry"],"acf":[],"yoast_head":"<!-- This site is optimized with the Yoast SEO Premium plugin v27.2 (Yoast SEO v27.6) - https:\/\/yoast.com\/product\/yoast-seo-premium-wordpress\/ -->\n<title>Press releases - InsectBiotech<\/title>\n<meta name=\"description\" content=\"Access the latest press releases from InsectBiotech, a leader in sustainable insect-based solutions for agriculture and the environment\" \/>\n<meta name=\"robots\" content=\"index, follow, max-snippet:-1, max-image-preview:large, max-video-preview:-1\" \/>\n<link rel=\"canonical\" href=\"https:\/\/insectbiotech.eu\/es\/watch-listen\/press-releases\/\" \/>\n<meta property=\"og:locale\" content=\"es_ES\" \/>\n<meta property=\"og:type\" content=\"article\" \/>\n<meta property=\"og:title\" content=\"Press releases\" \/>\n<meta property=\"og:description\" content=\"Access the latest press releases from InsectBiotech, a leader in sustainable insect-based solutions for agriculture and the environment\" \/>\n<meta property=\"og:url\" content=\"https:\/\/insectbiotech.eu\/es\/watch-listen\/press-releases\/\" \/>\n<meta property=\"og:site_name\" content=\"InsectBiotech\" \/>\n<meta property=\"article:modified_time\" content=\"2024-06-29T08:03:37+00:00\" \/>\n<meta property=\"og:image\" content=\"https:\/\/insectbiotech.eu\/wp-content\/uploads\/2024\/06\/press-release-banner.jpg\" \/>\n\t<meta property=\"og:image:width\" content=\"2000\" \/>\n\t<meta property=\"og:image:height\" content=\"989\" \/>\n\t<meta property=\"og:image:type\" content=\"image\/jpeg\" \/>\n<meta name=\"twitter:card\" content=\"summary_large_image\" \/>\n<meta name=\"twitter:label1\" content=\"Tiempo de lectura\" \/>\n\t<meta name=\"twitter:data1\" content=\"1 minuto\" \/>\n<script type=\"application\/ld+json\" class=\"yoast-schema-graph\">{\"@context\":\"https:\\\/\\\/schema.org\",\"@graph\":[{\"@type\":\"WebPage\",\"@id\":\"https:\\\/\\\/insectbiotech.eu\\\/watch-listen\\\/press-releases\\\/\",\"url\":\"https:\\\/\\\/insectbiotech.eu\\\/watch-listen\\\/press-releases\\\/\",\"name\":\"Press releases - InsectBiotech\",\"isPartOf\":{\"@id\":\"https:\\\/\\\/insectbiotech.eu\\\/#website\"},\"primaryImageOfPage\":{\"@id\":\"https:\\\/\\\/insectbiotech.eu\\\/watch-listen\\\/press-releases\\\/#primaryimage\"},\"image\":{\"@id\":\"https:\\\/\\\/insectbiotech.eu\\\/watch-listen\\\/press-releases\\\/#primaryimage\"},\"thumbnailUrl\":\"https:\\\/\\\/insectbiotech.eu\\\/wp-content\\\/uploads\\\/2024\\\/06\\\/press-release-banner.jpg\",\"datePublished\":\"2024-06-27T09:20:45+00:00\",\"dateModified\":\"2024-06-29T08:03:37+00:00\",\"description\":\"Access the latest press releases from InsectBiotech, a leader in sustainable insect-based solutions for agriculture and the environment\",\"breadcrumb\":{\"@id\":\"https:\\\/\\\/insectbiotech.eu\\\/watch-listen\\\/press-releases\\\/#breadcrumb\"},\"inLanguage\":\"es\",\"potentialAction\":[{\"@type\":\"ReadAction\",\"target\":[\"https:\\\/\\\/insectbiotech.eu\\\/watch-listen\\\/press-releases\\\/\"]}]},{\"@type\":\"ImageObject\",\"inLanguage\":\"es\",\"@id\":\"https:\\\/\\\/insectbiotech.eu\\\/watch-listen\\\/press-releases\\\/#primaryimage\",\"url\":\"https:\\\/\\\/insectbiotech.eu\\\/wp-content\\\/uploads\\\/2024\\\/06\\\/press-release-banner.jpg\",\"contentUrl\":\"https:\\\/\\\/insectbiotech.eu\\\/wp-content\\\/uploads\\\/2024\\\/06\\\/press-release-banner.jpg\",\"width\":2000,\"height\":989},{\"@type\":\"BreadcrumbList\",\"@id\":\"https:\\\/\\\/insectbiotech.eu\\\/watch-listen\\\/press-releases\\\/#breadcrumb\",\"itemListElement\":[{\"@type\":\"ListItem\",\"position\":1,\"name\":\"Home\",\"item\":\"https:\\\/\\\/insectbiotech.eu\\\/\"},{\"@type\":\"ListItem\",\"position\":2,\"name\":\"Watch\\\/Listen\",\"item\":\"https:\\\/\\\/insectbiotech.eu\\\/watch-listen\\\/\"},{\"@type\":\"ListItem\",\"position\":3,\"name\":\"Press releases\"}]},{\"@type\":\"WebSite\",\"@id\":\"https:\\\/\\\/insectbiotech.eu\\\/#website\",\"url\":\"https:\\\/\\\/insectbiotech.eu\\\/\",\"name\":\"InsectBiotech\",\"description\":\"\",\"publisher\":{\"@id\":\"https:\\\/\\\/insectbiotech.eu\\\/#organization\"},\"potentialAction\":[{\"@type\":\"SearchAction\",\"target\":{\"@type\":\"EntryPoint\",\"urlTemplate\":\"https:\\\/\\\/insectbiotech.eu\\\/?s={search_term_string}\"},\"query-input\":{\"@type\":\"PropertyValueSpecification\",\"valueRequired\":true,\"valueName\":\"search_term_string\"}}],\"inLanguage\":\"es\"},{\"@type\":\"Organization\",\"@id\":\"https:\\\/\\\/insectbiotech.eu\\\/#organization\",\"name\":\"InsectBiotech\",\"url\":\"https:\\\/\\\/insectbiotech.eu\\\/\",\"logo\":{\"@type\":\"ImageObject\",\"inLanguage\":\"es\",\"@id\":\"https:\\\/\\\/insectbiotech.eu\\\/#\\\/schema\\\/logo\\\/image\\\/\",\"url\":\"https:\\\/\\\/insectbiotech.eu\\\/wp-content\\\/uploads\\\/2024\\\/06\\\/Group-87.svg\",\"contentUrl\":\"https:\\\/\\\/insectbiotech.eu\\\/wp-content\\\/uploads\\\/2024\\\/06\\\/Group-87.svg\",\"width\":174,\"height\":71,\"caption\":\"InsectBiotech\"},\"image\":{\"@id\":\"https:\\\/\\\/insectbiotech.eu\\\/#\\\/schema\\\/logo\\\/image\\\/\"}}]}<\/script>\n<!-- \/ Yoast SEO Premium plugin. -->","yoast_head_json":{"title":"Comunicados de prensa - InsectBiotech","description":"Acceda a los \u00faltimos comunicados de prensa de InsectBiotech, l\u00edder en soluciones sostenibles basadas en insectos para la agricultura y el medio ambiente.","robots":{"index":"index","follow":"follow","max-snippet":"max-snippet:-1","max-image-preview":"max-image-preview:large","max-video-preview":"max-video-preview:-1"},"canonical":"https:\/\/insectbiotech.eu\/es\/watch-listen\/press-releases\/","og_locale":"es_ES","og_type":"article","og_title":"Press releases","og_description":"Access the latest press releases from InsectBiotech, a leader in sustainable insect-based solutions for agriculture and the environment","og_url":"https:\/\/insectbiotech.eu\/es\/watch-listen\/press-releases\/","og_site_name":"InsectBiotech","article_modified_time":"2024-06-29T08:03:37+00:00","og_image":[{"width":2000,"height":989,"url":"https:\/\/insectbiotech.eu\/wp-content\/uploads\/2024\/06\/press-release-banner.jpg","type":"image\/jpeg"}],"twitter_card":"summary_large_image","twitter_misc":{"Tiempo de lectura":"1 minuto"},"schema":{"@context":"https:\/\/schema.org","@graph":[{"@type":"WebPage","@id":"https:\/\/insectbiotech.eu\/watch-listen\/press-releases\/","url":"https:\/\/insectbiotech.eu\/watch-listen\/press-releases\/","name":"Comunicados de prensa - InsectBiotech","isPartOf":{"@id":"https:\/\/insectbiotech.eu\/#website"},"primaryImageOfPage":{"@id":"https:\/\/insectbiotech.eu\/watch-listen\/press-releases\/#primaryimage"},"image":{"@id":"https:\/\/insectbiotech.eu\/watch-listen\/press-releases\/#primaryimage"},"thumbnailUrl":"https:\/\/insectbiotech.eu\/wp-content\/uploads\/2024\/06\/press-release-banner.jpg","datePublished":"2024-06-27T09:20:45+00:00","dateModified":"2024-06-29T08:03:37+00:00","description":"Acceda a los \u00faltimos comunicados de prensa de InsectBiotech, l\u00edder en soluciones sostenibles basadas en insectos para la agricultura y el medio ambiente.","breadcrumb":{"@id":"https:\/\/insectbiotech.eu\/watch-listen\/press-releases\/#breadcrumb"},"inLanguage":"es","potentialAction":[{"@type":"ReadAction","target":["https:\/\/insectbiotech.eu\/watch-listen\/press-releases\/"]}]},{"@type":"ImageObject","inLanguage":"es","@id":"https:\/\/insectbiotech.eu\/watch-listen\/press-releases\/#primaryimage","url":"https:\/\/insectbiotech.eu\/wp-content\/uploads\/2024\/06\/press-release-banner.jpg","contentUrl":"https:\/\/insectbiotech.eu\/wp-content\/uploads\/2024\/06\/press-release-banner.jpg","width":2000,"height":989},{"@type":"BreadcrumbList","@id":"https:\/\/insectbiotech.eu\/watch-listen\/press-releases\/#breadcrumb","itemListElement":[{"@type":"ListItem","position":1,"name":"Home","item":"https:\/\/insectbiotech.eu\/"},{"@type":"ListItem","position":2,"name":"Watch\/Listen","item":"https:\/\/insectbiotech.eu\/watch-listen\/"},{"@type":"ListItem","position":3,"name":"Press releases"}]},{"@type":"WebSite","@id":"https:\/\/insectbiotech.eu\/#website","url":"https:\/\/insectbiotech.eu\/","name":"InsectBiotech","description":"","publisher":{"@id":"https:\/\/insectbiotech.eu\/#organization"},"potentialAction":[{"@type":"SearchAction","target":{"@type":"EntryPoint","urlTemplate":"https:\/\/insectbiotech.eu\/?s={search_term_string}"},"query-input":{"@type":"PropertyValueSpecification","valueRequired":true,"valueName":"search_term_string"}}],"inLanguage":"es"},{"@type":"Organization","@id":"https:\/\/insectbiotech.eu\/#organization","name":"InsectBiotech","url":"https:\/\/insectbiotech.eu\/","logo":{"@type":"ImageObject","inLanguage":"es","@id":"https:\/\/insectbiotech.eu\/#\/schema\/logo\/image\/","url":"https:\/\/insectbiotech.eu\/wp-content\/uploads\/2024\/06\/Group-87.svg","contentUrl":"https:\/\/insectbiotech.eu\/wp-content\/uploads\/2024\/06\/Group-87.svg","width":174,"height":71,"caption":"InsectBiotech"},"image":{"@id":"https:\/\/insectbiotech.eu\/#\/schema\/logo\/image\/"}}]}},"_links":{"self":[{"href":"https:\/\/insectbiotech.eu\/es\/wp-json\/wp\/v2\/pages\/697","targetHints":{"allow":["GET"]}}],"collection":[{"href":"https:\/\/insectbiotech.eu\/es\/wp-json\/wp\/v2\/pages"}],"about":[{"href":"https:\/\/insectbiotech.eu\/es\/wp-json\/wp\/v2\/types\/page"}],"author":[{"embeddable":true,"href":"https:\/\/insectbiotech.eu\/es\/wp-json\/wp\/v2\/users\/1"}],"replies":[{"embeddable":true,"href":"https:\/\/insectbiotech.eu\/es\/wp-json\/wp\/v2\/comments?post=697"}],"version-history":[{"count":6,"href":"https:\/\/insectbiotech.eu\/es\/wp-json\/wp\/v2\/pages\/697\/revisions"}],"predecessor-version":[{"id":859,"href":"https:\/\/insectbiotech.eu\/es\/wp-json\/wp\/v2\/pages\/697\/revisions\/859"}],"up":[{"embeddable":true,"href":"https:\/\/insectbiotech.eu\/es\/wp-json\/wp\/v2\/pages\/29"}],"wp:featuredmedia":[{"embeddable":true,"href":"https:\/\/insectbiotech.eu\/es\/wp-json\/wp\/v2\/media\/698"}],"wp:attachment":[{"href":"https:\/\/insectbiotech.eu\/es\/wp-json\/wp\/v2\/media?parent=697"}],"curies":[{"name":"wp","href":"https:\/\/api.w.org\/{rel}","templated":true}]}}