{"id":768,"date":"2024-06-27T16:01:29","date_gmt":"2024-06-27T15:01:29","guid":{"rendered":"https:\/\/insectbiotech.acdstaging.com\/?page_id=768"},"modified":"2024-06-29T09:40:03","modified_gmt":"2024-06-29T08:40:03","slug":"investor-login","status":"publish","type":"page","link":"https:\/\/insectbiotech.eu\/es\/investor-login\/","title":{"rendered":"Acceso de inversores"},"content":{"rendered":"<section class=\"investor_login_block post_list_block custom_block alignwide\">\n\n  <div class=\"content\">\n\n    <div class=\"cta_box_section\">\n\n      <div class=\"container-fluid\">\n\n        <div class=\"row gx-0 cta_box_row\">\n\n            <div class=\"col-lg-6\">\n              <div class=\"cta_box_col col_left\">\n\n                                  <h1>Acceso de inversores<\/h1>\n                \n                <div class=\"login_form_wrapper\">\n                                      \n<div class=\"mp_wrapper mp_login_form\">\n                  <!-- mp-login-form-start -->     <form name=\"mepr_loginform\" id=\"mepr_loginform\" class=\"mepr-form\" action=\"https:\/\/insectbiotech.eu\/es\/investor-login\/\" method=\"post\" data-trp-original-action=\"https:\/\/insectbiotech.eu\/es\/investor-login\/\">\n            <div class=\"mp-form-row mepr_username\">\n        <div class=\"mp-form-label\">\n                              <label for=\"user_login\">Nombre de usuario o correo electr\u00f3nico<\/label>\n        <\/div>\n        <input type=\"text\" name=\"log\" id=\"user_login\" value=\"\" \/>\n      <\/div>\n      <div class=\"mp-form-row mepr_password\">\n        <div class=\"mp-form-label\">\n          <label for=\"user_pass\">Contrase\u00f1a<\/label>\n          <div class=\"mp-hide-pw\">\n            <input type=\"password\" name=\"pwd\" id=\"user_pass\" value=\"\" \/>\n            <button type=\"button\" class=\"button mp-hide-pw hide-if-no-js\" data-toggle=\"0\" aria-label=\"Mostrar contrase\u00f1a\">\n              <span class=\"dashicons dashicons-visibility\" aria-hidden=\"true\"><\/span>\n            <\/button>\n          <\/div>\n        <\/div>\n      <\/div>\n            <div>\n        <label><input name=\"rememberme\" type=\"checkbox\" id=\"rememberme\" value=\"forever\" \/> Recu\u00e9rdame<\/label>\n      <\/div>\n      <div class=\"mp-spacer\">&nbsp;<\/div>\n      <div class=\"submit\">\n        <input type=\"submit\" name=\"wp-submit\" id=\"wp-submit\" class=\"button-primary mepr-share-button\" value=\"Iniciar sesi\u00f3n\" \/>\n        <input type=\"hidden\" name=\"redirect_to\" value=\"https:\/\/insectbiotech.eu\/investors\/investor-reports\/\" \/>\n        <input type=\"hidden\" name=\"mepr_process_login_form\" value=\"true\" \/>\n        <input type=\"hidden\" name=\"mepr_is_login_page\" value=\"true\" \/>\n      <\/div>\n    <input type=\"hidden\" name=\"trp-form-language\" value=\"es\"\/><\/form>\n    <div class=\"mp-spacer\">&nbsp;<\/div>\n    <div class=\"mepr-login-actions\">\n        <a\n          href=\"https:\/\/insectbiotech.eu\/es\/investor-login\/?action=forgot_password\"\n          title=\"Haga clic aqu\u00ed para restablecer su contrase\u00f1a\"\n        >\n          Contrase\u00f1a olvidada        <\/a>\n    <\/div>\n\n      \n    <!-- mp-login-form-end --> \n  <\/div>\n                                  <\/div>\n\n              <\/div>\n            <\/div>\n\n            <div class=\"col-lg-6\">\n              <div class=\"cta_box_col col_right\">\n\n                                  <h2>Convi\u00e9rtase en inversor<\/h2>\n<p>Si desea convertirse en inversor, p\u00f3ngase en contacto con nosotros hoy mismo.<\/p>\n                \n                                  <div class=\"buttons\">\n\n                    \n                        <a class=\"ib_button\" href=\"https:\/\/insectbiotech.eu\/es\/contact-us\/\" target=\"\">\n                          <span class=\"label\">P\u00f3ngase en contacto con nosotros<\/span>\n                          <span class=\"icon\"><i class=\"fa-light fa-arrow-right\"><\/i><\/span>\n                        <\/a>\n\n                    \n                  <\/div>\n                          \n              <\/div>\n            <\/div>\n\n        <\/div>\n\n      <\/div>\n      \n    <\/div>\n\n  <\/div>\n\n          \n<\/section>","protected":false},"excerpt":{"rendered":"","protected":false},"author":1,"featured_media":770,"parent":0,"menu_order":0,"comment_status":"closed","ping_status":"closed","template":"investor-login-page.php","meta":{"_acf_changed":false,"inline_featured_image":false,"footnotes":""},"class_list":["post-768","page","type-page","status-publish","has-post-thumbnail","hentry"],"acf":[],"yoast_head":"<!-- This site is optimized with the Yoast SEO Premium plugin v27.2 (Yoast SEO v27.4) - https:\/\/yoast.com\/product\/yoast-seo-premium-wordpress\/ -->\n<title>Investor login - InsectBiotech<\/title>\n<meta name=\"description\" content=\"The investor login page allows investors to securely access information and resources related to their investment in the company.\" \/>\n<meta name=\"robots\" content=\"index, follow, max-snippet:-1, max-image-preview:large, max-video-preview:-1\" \/>\n<link rel=\"canonical\" href=\"https:\/\/insectbiotech.eu\/es\/investor-login\/\" \/>\n<meta property=\"og:locale\" content=\"es_ES\" \/>\n<meta property=\"og:type\" content=\"article\" \/>\n<meta property=\"og:title\" content=\"Investor login\" \/>\n<meta property=\"og:description\" content=\"The investor login page allows investors to securely access information and resources related to their investment in the company.\" \/>\n<meta property=\"og:url\" content=\"https:\/\/insectbiotech.eu\/es\/investor-login\/\" \/>\n<meta property=\"og:site_name\" content=\"InsectBiotech\" \/>\n<meta property=\"article:modified_time\" content=\"2024-06-29T08:40:03+00:00\" \/>\n<meta property=\"og:image\" content=\"https:\/\/insectbiotech.eu\/wp-content\/uploads\/2024\/06\/investor_login_bg.jpg\" \/>\n\t<meta property=\"og:image:width\" content=\"2000\" \/>\n\t<meta property=\"og:image:height\" content=\"1334\" \/>\n\t<meta property=\"og:image:type\" content=\"image\/jpeg\" \/>\n<meta name=\"twitter:card\" content=\"summary_large_image\" \/>\n<meta name=\"twitter:label1\" content=\"Tiempo de lectura\" \/>\n\t<meta name=\"twitter:data1\" content=\"1 minuto\" \/>\n<script type=\"application\/ld+json\" class=\"yoast-schema-graph\">{\"@context\":\"https:\\\/\\\/schema.org\",\"@graph\":[{\"@type\":\"WebPage\",\"@id\":\"https:\\\/\\\/insectbiotech.eu\\\/investor-login\\\/\",\"url\":\"https:\\\/\\\/insectbiotech.eu\\\/investor-login\\\/\",\"name\":\"Investor login - InsectBiotech\",\"isPartOf\":{\"@id\":\"https:\\\/\\\/insectbiotech.eu\\\/#website\"},\"primaryImageOfPage\":{\"@id\":\"https:\\\/\\\/insectbiotech.eu\\\/investor-login\\\/#primaryimage\"},\"image\":{\"@id\":\"https:\\\/\\\/insectbiotech.eu\\\/investor-login\\\/#primaryimage\"},\"thumbnailUrl\":\"https:\\\/\\\/insectbiotech.eu\\\/wp-content\\\/uploads\\\/2024\\\/06\\\/investor_login_bg.jpg\",\"datePublished\":\"2024-06-27T15:01:29+00:00\",\"dateModified\":\"2024-06-29T08:40:03+00:00\",\"description\":\"The investor login page allows investors to securely access information and resources related to their investment in the company.\",\"breadcrumb\":{\"@id\":\"https:\\\/\\\/insectbiotech.eu\\\/investor-login\\\/#breadcrumb\"},\"inLanguage\":\"es\",\"potentialAction\":[{\"@type\":\"ReadAction\",\"target\":[\"https:\\\/\\\/insectbiotech.eu\\\/investor-login\\\/\"]}]},{\"@type\":\"ImageObject\",\"inLanguage\":\"es\",\"@id\":\"https:\\\/\\\/insectbiotech.eu\\\/investor-login\\\/#primaryimage\",\"url\":\"https:\\\/\\\/insectbiotech.eu\\\/wp-content\\\/uploads\\\/2024\\\/06\\\/investor_login_bg.jpg\",\"contentUrl\":\"https:\\\/\\\/insectbiotech.eu\\\/wp-content\\\/uploads\\\/2024\\\/06\\\/investor_login_bg.jpg\",\"width\":2000,\"height\":1334},{\"@type\":\"BreadcrumbList\",\"@id\":\"https:\\\/\\\/insectbiotech.eu\\\/investor-login\\\/#breadcrumb\",\"itemListElement\":[{\"@type\":\"ListItem\",\"position\":1,\"name\":\"Home\",\"item\":\"https:\\\/\\\/insectbiotech.eu\\\/\"},{\"@type\":\"ListItem\",\"position\":2,\"name\":\"Investor login\"}]},{\"@type\":\"WebSite\",\"@id\":\"https:\\\/\\\/insectbiotech.eu\\\/#website\",\"url\":\"https:\\\/\\\/insectbiotech.eu\\\/\",\"name\":\"InsectBiotech\",\"description\":\"\",\"publisher\":{\"@id\":\"https:\\\/\\\/insectbiotech.eu\\\/#organization\"},\"potentialAction\":[{\"@type\":\"SearchAction\",\"target\":{\"@type\":\"EntryPoint\",\"urlTemplate\":\"https:\\\/\\\/insectbiotech.eu\\\/?s={search_term_string}\"},\"query-input\":{\"@type\":\"PropertyValueSpecification\",\"valueRequired\":true,\"valueName\":\"search_term_string\"}}],\"inLanguage\":\"es\"},{\"@type\":\"Organization\",\"@id\":\"https:\\\/\\\/insectbiotech.eu\\\/#organization\",\"name\":\"InsectBiotech\",\"url\":\"https:\\\/\\\/insectbiotech.eu\\\/\",\"logo\":{\"@type\":\"ImageObject\",\"inLanguage\":\"es\",\"@id\":\"https:\\\/\\\/insectbiotech.eu\\\/#\\\/schema\\\/logo\\\/image\\\/\",\"url\":\"https:\\\/\\\/insectbiotech.eu\\\/wp-content\\\/uploads\\\/2024\\\/06\\\/Group-87.svg\",\"contentUrl\":\"https:\\\/\\\/insectbiotech.eu\\\/wp-content\\\/uploads\\\/2024\\\/06\\\/Group-87.svg\",\"width\":174,\"height\":71,\"caption\":\"InsectBiotech\"},\"image\":{\"@id\":\"https:\\\/\\\/insectbiotech.eu\\\/#\\\/schema\\\/logo\\\/image\\\/\"}}]}<\/script>\n<!-- \/ Yoast SEO Premium plugin. -->","yoast_head_json":{"title":"Acceso de inversores - InsectBiotech","description":"La p\u00e1gina de acceso para inversores permite a \u00e9stos acceder de forma segura a informaci\u00f3n y recursos relacionados con su inversi\u00f3n en la empresa.","robots":{"index":"index","follow":"follow","max-snippet":"max-snippet:-1","max-image-preview":"max-image-preview:large","max-video-preview":"max-video-preview:-1"},"canonical":"https:\/\/insectbiotech.eu\/es\/investor-login\/","og_locale":"es_ES","og_type":"article","og_title":"Investor login","og_description":"The investor login page allows investors to securely access information and resources related to their investment in the company.","og_url":"https:\/\/insectbiotech.eu\/es\/investor-login\/","og_site_name":"InsectBiotech","article_modified_time":"2024-06-29T08:40:03+00:00","og_image":[{"width":2000,"height":1334,"url":"https:\/\/insectbiotech.eu\/wp-content\/uploads\/2024\/06\/investor_login_bg.jpg","type":"image\/jpeg"}],"twitter_card":"summary_large_image","twitter_misc":{"Tiempo de lectura":"1 minuto"},"schema":{"@context":"https:\/\/schema.org","@graph":[{"@type":"WebPage","@id":"https:\/\/insectbiotech.eu\/investor-login\/","url":"https:\/\/insectbiotech.eu\/investor-login\/","name":"Acceso de inversores - InsectBiotech","isPartOf":{"@id":"https:\/\/insectbiotech.eu\/#website"},"primaryImageOfPage":{"@id":"https:\/\/insectbiotech.eu\/investor-login\/#primaryimage"},"image":{"@id":"https:\/\/insectbiotech.eu\/investor-login\/#primaryimage"},"thumbnailUrl":"https:\/\/insectbiotech.eu\/wp-content\/uploads\/2024\/06\/investor_login_bg.jpg","datePublished":"2024-06-27T15:01:29+00:00","dateModified":"2024-06-29T08:40:03+00:00","description":"La p\u00e1gina de acceso para inversores permite a \u00e9stos acceder de forma segura a informaci\u00f3n y recursos relacionados con su inversi\u00f3n en la empresa.","breadcrumb":{"@id":"https:\/\/insectbiotech.eu\/investor-login\/#breadcrumb"},"inLanguage":"es","potentialAction":[{"@type":"ReadAction","target":["https:\/\/insectbiotech.eu\/investor-login\/"]}]},{"@type":"ImageObject","inLanguage":"es","@id":"https:\/\/insectbiotech.eu\/investor-login\/#primaryimage","url":"https:\/\/insectbiotech.eu\/wp-content\/uploads\/2024\/06\/investor_login_bg.jpg","contentUrl":"https:\/\/insectbiotech.eu\/wp-content\/uploads\/2024\/06\/investor_login_bg.jpg","width":2000,"height":1334},{"@type":"BreadcrumbList","@id":"https:\/\/insectbiotech.eu\/investor-login\/#breadcrumb","itemListElement":[{"@type":"ListItem","position":1,"name":"Home","item":"https:\/\/insectbiotech.eu\/"},{"@type":"ListItem","position":2,"name":"Investor login"}]},{"@type":"WebSite","@id":"https:\/\/insectbiotech.eu\/#website","url":"https:\/\/insectbiotech.eu\/","name":"InsectBiotech","description":"","publisher":{"@id":"https:\/\/insectbiotech.eu\/#organization"},"potentialAction":[{"@type":"SearchAction","target":{"@type":"EntryPoint","urlTemplate":"https:\/\/insectbiotech.eu\/?s={search_term_string}"},"query-input":{"@type":"PropertyValueSpecification","valueRequired":true,"valueName":"search_term_string"}}],"inLanguage":"es"},{"@type":"Organization","@id":"https:\/\/insectbiotech.eu\/#organization","name":"InsectBiotech","url":"https:\/\/insectbiotech.eu\/","logo":{"@type":"ImageObject","inLanguage":"es","@id":"https:\/\/insectbiotech.eu\/#\/schema\/logo\/image\/","url":"https:\/\/insectbiotech.eu\/wp-content\/uploads\/2024\/06\/Group-87.svg","contentUrl":"https:\/\/insectbiotech.eu\/wp-content\/uploads\/2024\/06\/Group-87.svg","width":174,"height":71,"caption":"InsectBiotech"},"image":{"@id":"https:\/\/insectbiotech.eu\/#\/schema\/logo\/image\/"}}]}},"_links":{"self":[{"href":"https:\/\/insectbiotech.eu\/es\/wp-json\/wp\/v2\/pages\/768","targetHints":{"allow":["GET"]}}],"collection":[{"href":"https:\/\/insectbiotech.eu\/es\/wp-json\/wp\/v2\/pages"}],"about":[{"href":"https:\/\/insectbiotech.eu\/es\/wp-json\/wp\/v2\/types\/page"}],"author":[{"embeddable":true,"href":"https:\/\/insectbiotech.eu\/es\/wp-json\/wp\/v2\/users\/1"}],"replies":[{"embeddable":true,"href":"https:\/\/insectbiotech.eu\/es\/wp-json\/wp\/v2\/comments?post=768"}],"version-history":[{"count":4,"href":"https:\/\/insectbiotech.eu\/es\/wp-json\/wp\/v2\/pages\/768\/revisions"}],"predecessor-version":[{"id":876,"href":"https:\/\/insectbiotech.eu\/es\/wp-json\/wp\/v2\/pages\/768\/revisions\/876"}],"wp:featuredmedia":[{"embeddable":true,"href":"https:\/\/insectbiotech.eu\/es\/wp-json\/wp\/v2\/media\/770"}],"wp:attachment":[{"href":"https:\/\/insectbiotech.eu\/es\/wp-json\/wp\/v2\/media?parent=768"}],"curies":[{"name":"wp","href":"https:\/\/api.w.org\/{rel}","templated":true}]}}